{"id":225814,"date":"2025-03-10T14:26:47","date_gmt":"2025-03-10T13:26:47","guid":{"rendered":"https:\/\/ferramentaidraulicasavi.it\/prodotto\/tassello-cemento-ancorante-c-dado-cieco-a-battere-fh-ii-10-50-h-fischer-art-503141\/"},"modified":"2025-03-18T12:29:27","modified_gmt":"2025-03-18T11:29:27","slug":"tassello-cemento-ancorante-c-dado-cieco-a-battere-fh-ii-10-50-h-fischer-art-503141","status":"publish","type":"product","link":"https:\/\/ferramentaidraulicasavi.it\/?product=tassello-cemento-ancorante-c-dado-cieco-a-battere-fh-ii-10-50-h-fischer-art-503141","title":{"rendered":"TASSELLO CEMENTO ANCORANTE C\/DADO CIECO A BATTERE FH II 10\/50 H FISCHER ART.503141"},"content":{"rendered":"<p>Art.-Nr. 503141<br \/>\nFH II 10\/50 H Ancorante a battere passante con dado cieco.<\/p>\n<p>Ancorante a battere passante dal design esigente con dado cieco ad altissime prestazioni a taglio per calcestruzzo fessurato e applicazioni sismiche C1 e C2.<br \/>\nVantaggi<br \/>\nAncorante strutturale con dado cieco.<br \/>\nL&#8217;azione combinata del gambo della vite e del corpo dell&#8217;ancorante permette una resistenza a taglio elevata. Il numero di punti di fissaggio pu\u00f2 pertanto essere ridotto.<br \/>\nLe certificazioni internazionali garantiscono la massima sicurezza e le migliori performance. Queste certificazioni coprono anche l&#8217;utilizzo in zone sismiche (categoria di prestazione sismica europea C1\/C2 e zona di progettazione sismica statunitense da A a F).<br \/>\nLa geometria ottimizzata riduce l&#8217;energia di posa e permette un&#8217;installazione senza sforzo.<br \/>\nIl documento di valutazione riguarda anche l&#8217;uso di punte cave.<\/p>\n<p>L&#8217;ancoraggio ad alte prestazioni fischer FH II H con dado cieco \u00e8 fatto in acciaio zincato. L&#8217;ancoraggio \u00e8 adatto per installazioni passanti. Quando si applica la coppia di serraggio, il cono di espansione si incunea nella fascetta espandendola contro le pareti del foro. La boccola in plastica nera impedisce la rotazione dell&#8217;ancorante garantendo una sicura espansione. Ci\u00f2 significa che il dispositivo \u00e8 tirato verso la base di ancoraggio. L&#8217;ancoraggio ad alte prestazioni fischer FH II H con dado cieco \u00e8 ideale per fissare strutture in acciaio, macchinari e guardrail in calcestruzzo fessurato e non fessurato.<\/p>\n","protected":false},"excerpt":{"rendered":"<p>Art.-Nr. 503141 FH II 10\/50 H Ancorante a battere passante con dado cieco. Ancorante a battere passante dal design esigente con dado cieco ad altissime prestazioni a taglio per calcestruzzo fessurato e applicazioni sismiche C1 e C2. Vantaggi Ancorante strutturale con dado cieco. L&#8217;azione combinata del gambo della vite e del corpo dell&#8217;ancorante permette una [&hellip;]<\/p>\n","protected":false},"featured_media":243059,"template":"","meta":{"ocean_post_layout":"","ocean_both_sidebars_style":"","ocean_both_sidebars_content_width":0,"ocean_both_sidebars_sidebars_width":0,"ocean_sidebar":"","ocean_second_sidebar":"","ocean_disable_margins":"enable","ocean_add_body_class":"","ocean_shortcode_before_top_bar":"","ocean_shortcode_after_top_bar":"","ocean_shortcode_before_header":"","ocean_shortcode_after_header":"","ocean_has_shortcode":"","ocean_shortcode_after_title":"","ocean_shortcode_before_footer_widgets":"","ocean_shortcode_after_footer_widgets":"","ocean_shortcode_before_footer_bottom":"","ocean_shortcode_after_footer_bottom":"","ocean_display_top_bar":"default","ocean_display_header":"default","ocean_header_style":"","ocean_center_header_left_menu":"","ocean_custom_header_template":"","ocean_custom_logo":0,"ocean_custom_retina_logo":0,"ocean_custom_logo_max_width":0,"ocean_custom_logo_tablet_max_width":0,"ocean_custom_logo_mobile_max_width":0,"ocean_custom_logo_max_height":0,"ocean_custom_logo_tablet_max_height":0,"ocean_custom_logo_mobile_max_height":0,"ocean_header_custom_menu":"","ocean_menu_typo_font_family":"","ocean_menu_typo_font_subset":"","ocean_menu_typo_font_size":0,"ocean_menu_typo_font_size_tablet":0,"ocean_menu_typo_font_size_mobile":0,"ocean_menu_typo_font_size_unit":"px","ocean_menu_typo_font_weight":"","ocean_menu_typo_font_weight_tablet":"","ocean_menu_typo_font_weight_mobile":"","ocean_menu_typo_transform":"","ocean_menu_typo_transform_tablet":"","ocean_menu_typo_transform_mobile":"","ocean_menu_typo_line_height":0,"ocean_menu_typo_line_height_tablet":0,"ocean_menu_typo_line_height_mobile":0,"ocean_menu_typo_line_height_unit":"","ocean_menu_typo_spacing":0,"ocean_menu_typo_spacing_tablet":0,"ocean_menu_typo_spacing_mobile":0,"ocean_menu_typo_spacing_unit":"","ocean_menu_link_color":"","ocean_menu_link_color_hover":"","ocean_menu_link_color_active":"","ocean_menu_link_background":"","ocean_menu_link_hover_background":"","ocean_menu_link_active_background":"","ocean_menu_social_links_bg":"","ocean_menu_social_hover_links_bg":"","ocean_menu_social_links_color":"","ocean_menu_social_hover_links_color":"","ocean_disable_title":"default","ocean_disable_heading":"default","ocean_post_title":"","ocean_post_subheading":"","ocean_post_title_style":"","ocean_post_title_background_color":"","ocean_post_title_background":0,"ocean_post_title_bg_image_position":"","ocean_post_title_bg_image_attachment":"","ocean_post_title_bg_image_repeat":"","ocean_post_title_bg_image_size":"","ocean_post_title_height":0,"ocean_post_title_bg_overlay":0.5,"ocean_post_title_bg_overlay_color":"","ocean_disable_breadcrumbs":"default","ocean_breadcrumbs_color":"","ocean_breadcrumbs_separator_color":"","ocean_breadcrumbs_links_color":"","ocean_breadcrumbs_links_hover_color":"","ocean_display_footer_widgets":"default","ocean_display_footer_bottom":"default","ocean_custom_footer_template":""},"product_brand":[],"product_cat":[311,339],"product_tag":[],"class_list":{"0":"post-225814","1":"product","2":"type-product","3":"status-publish","4":"has-post-thumbnail","6":"product_cat-ferramenta","7":"product_cat-tasselli-rivetti-barre-filettate","9":"entry","10":"has-media","12":"first","13":"instock","14":"taxable","15":"shipping-taxable","16":"purchasable","17":"product-type-simple","18":"has-product-nav","19":"col","20":"span_1_of_4","21":"owp-content-center","22":"item-entry","23":"owp-thumbs-layout-horizontal","24":"owp-btn-normal","25":"owp-tabs-layout-horizontal","26":"has-no-thumbnails"},"_links":{"self":[{"href":"https:\/\/ferramentaidraulicasavi.it\/index.php?rest_route=\/wp\/v2\/product\/225814","targetHints":{"allow":["GET"]}}],"collection":[{"href":"https:\/\/ferramentaidraulicasavi.it\/index.php?rest_route=\/wp\/v2\/product"}],"about":[{"href":"https:\/\/ferramentaidraulicasavi.it\/index.php?rest_route=\/wp\/v2\/types\/product"}],"version-history":[{"count":0,"href":"https:\/\/ferramentaidraulicasavi.it\/index.php?rest_route=\/wp\/v2\/product\/225814\/revisions"}],"wp:featuredmedia":[{"embeddable":true,"href":"https:\/\/ferramentaidraulicasavi.it\/index.php?rest_route=\/wp\/v2\/media\/243059"}],"wp:attachment":[{"href":"https:\/\/ferramentaidraulicasavi.it\/index.php?rest_route=%2Fwp%2Fv2%2Fmedia&parent=225814"}],"wp:term":[{"taxonomy":"product_brand","embeddable":true,"href":"https:\/\/ferramentaidraulicasavi.it\/index.php?rest_route=%2Fwp%2Fv2%2Fproduct_brand&post=225814"},{"taxonomy":"product_cat","embeddable":true,"href":"https:\/\/ferramentaidraulicasavi.it\/index.php?rest_route=%2Fwp%2Fv2%2Fproduct_cat&post=225814"},{"taxonomy":"product_tag","embeddable":true,"href":"https:\/\/ferramentaidraulicasavi.it\/index.php?rest_route=%2Fwp%2Fv2%2Fproduct_tag&post=225814"}],"curies":[{"name":"wp","href":"https:\/\/api.w.org\/{rel}","templated":true}]}}