{"id":210774,"date":"2024-10-18T09:33:47","date_gmt":"2024-10-18T07:33:47","guid":{"rendered":"https:\/\/ferramentaidraulicasavi.it\/prodotto\/scala-ercolina-allum-44-grad-378-mt-peppina-gierre\/"},"modified":"2025-04-17T09:00:49","modified_gmt":"2025-04-17T07:00:49","slug":"scala-ercolina-allum-44-grad-378-mt-peppina-gierre","status":"publish","type":"product","link":"https:\/\/ferramentaidraulicasavi.it\/?product=scala-ercolina-allum-44-grad-378-mt-peppina-gierre","title":{"rendered":"SCALA ERCOLINA ALLUM. 4+4 GRAD. 3,78 mt PEPPINA GIERRE"},"content":{"rendered":"<p>SCALA MULTIFUNZIONE TELESCOPICA &#8220;PEPPina&#8221; D.Lgs. 81\/08<\/p>\n<p>-ART. ALL020<br \/>\n-PORTATA MAX Kg 150<br \/>\n-5 ANNI GARANZIA<\/p>\n<p>Descrizione<\/p>\n<p>Scala multifunzione telescopica &#8220;PEPPINA&#8221; Gierre in alluminio, 4+4 pioli, permette di raggiungere diverse altezze di lavoro e pu\u00f2 essere usata in tre configurazioni: come scala a portafoglio \/ doppia, oppure zoppa (quando c&#8217;\u00e8 un dislivello) oppure tutta allungata (come una scala singola, ma con il vantaggio della base leggermente svasata).<\/p>\n<p>La scala multifunzione telescopica Gierre PEPPina ALL020 &#8211; COMPLETAMENTE MADE IN ITALY &#8211;  \u00e8 dotata di un&#8217;articolazione in acciaio brevettata, con manopola di design, facile da impugnare.<\/p>\n<p>Il sistema di sicurezza di apertura-chiusura \u00e8 semi-automatico, permette di aprire e chiudere la scala con facilit\u00e0 e in sicurezza. Il gancio laterale in acciaio \u00e8 robusto e permette di regolare agevolmente l&#8217;altezza. I montanti hanno un profilo stondato, per una presa pi\u00f9 confortevole. La struttura \u00e8 solida e garantisce una maggiore resistenza alla torsione e al carico. I piedini sono antiscivolo, in materiale bi-componente.<\/p>\n<p>portata massima (kg) 150<\/p>\n<p>altezza massima di lavoro (mt)4,7<\/p>\n<p>lunghezza del prodotto tutto chiuso (mt)\t1,15<\/p>\n<p>lunghezza del prodotto aperto al massimo (mt)\t4,70<\/p>\n<p>PESO: Kg 11,6<\/p>\n","protected":false},"excerpt":{"rendered":"<p>SCALA MULTIFUNZIONE TELESCOPICA &#8220;PEPPina&#8221; D.Lgs. 81\/08 -ART. ALL020 -PORTATA MAX Kg 150 -5 ANNI GARANZIA Descrizione Scala multifunzione telescopica &#8220;PEPPINA&#8221; Gierre in alluminio, 4+4 pioli, permette di raggiungere diverse altezze di lavoro e pu\u00f2 essere usata in tre configurazioni: come scala a portafoglio \/ doppia, oppure zoppa (quando c&#8217;\u00e8 un dislivello) oppure tutta allungata (come [&hellip;]<\/p>\n","protected":false},"featured_media":241879,"template":"","meta":{"ocean_post_layout":"","ocean_both_sidebars_style":"","ocean_both_sidebars_content_width":0,"ocean_both_sidebars_sidebars_width":0,"ocean_sidebar":"0","ocean_second_sidebar":"0","ocean_disable_margins":"enable","ocean_add_body_class":"","ocean_shortcode_before_top_bar":"","ocean_shortcode_after_top_bar":"","ocean_shortcode_before_header":"","ocean_shortcode_after_header":"","ocean_has_shortcode":"","ocean_shortcode_after_title":"","ocean_shortcode_before_footer_widgets":"","ocean_shortcode_after_footer_widgets":"","ocean_shortcode_before_footer_bottom":"","ocean_shortcode_after_footer_bottom":"","ocean_display_top_bar":"default","ocean_display_header":"default","ocean_header_style":"","ocean_center_header_left_menu":"0","ocean_custom_header_template":"0","ocean_custom_logo":0,"ocean_custom_retina_logo":0,"ocean_custom_logo_max_width":0,"ocean_custom_logo_tablet_max_width":0,"ocean_custom_logo_mobile_max_width":0,"ocean_custom_logo_max_height":0,"ocean_custom_logo_tablet_max_height":0,"ocean_custom_logo_mobile_max_height":0,"ocean_header_custom_menu":"0","ocean_menu_typo_font_family":"0","ocean_menu_typo_font_subset":"","ocean_menu_typo_font_size":0,"ocean_menu_typo_font_size_tablet":0,"ocean_menu_typo_font_size_mobile":0,"ocean_menu_typo_font_size_unit":"px","ocean_menu_typo_font_weight":"","ocean_menu_typo_font_weight_tablet":"","ocean_menu_typo_font_weight_mobile":"","ocean_menu_typo_transform":"","ocean_menu_typo_transform_tablet":"","ocean_menu_typo_transform_mobile":"","ocean_menu_typo_line_height":0,"ocean_menu_typo_line_height_tablet":0,"ocean_menu_typo_line_height_mobile":0,"ocean_menu_typo_line_height_unit":"","ocean_menu_typo_spacing":0,"ocean_menu_typo_spacing_tablet":0,"ocean_menu_typo_spacing_mobile":0,"ocean_menu_typo_spacing_unit":"","ocean_menu_link_color":"","ocean_menu_link_color_hover":"","ocean_menu_link_color_active":"","ocean_menu_link_background":"","ocean_menu_link_hover_background":"","ocean_menu_link_active_background":"","ocean_menu_social_links_bg":"","ocean_menu_social_hover_links_bg":"","ocean_menu_social_links_color":"","ocean_menu_social_hover_links_color":"","ocean_disable_title":"default","ocean_disable_heading":"default","ocean_post_title":"","ocean_post_subheading":"","ocean_post_title_style":"","ocean_post_title_background_color":"","ocean_post_title_background":0,"ocean_post_title_bg_image_position":"","ocean_post_title_bg_image_attachment":"","ocean_post_title_bg_image_repeat":"","ocean_post_title_bg_image_size":"","ocean_post_title_height":0,"ocean_post_title_bg_overlay":0.5,"ocean_post_title_bg_overlay_color":"","ocean_disable_breadcrumbs":"default","ocean_breadcrumbs_color":"","ocean_breadcrumbs_separator_color":"","ocean_breadcrumbs_links_color":"","ocean_breadcrumbs_links_hover_color":"","ocean_display_footer_widgets":"default","ocean_display_footer_bottom":"default","ocean_custom_footer_template":"0"},"product_brand":[],"product_cat":[311,336],"product_tag":[],"class_list":{"0":"post-210774","1":"product","2":"type-product","3":"status-publish","4":"has-post-thumbnail","6":"product_cat-ferramenta","7":"product_cat-scale-e-sgabelli-trabattelli","9":"entry","10":"has-media","12":"first","13":"outofstock","14":"taxable","15":"shipping-taxable","16":"purchasable","17":"product-type-simple","18":"has-product-nav","19":"col","20":"span_1_of_4","21":"owp-content-center","22":"item-entry","23":"owp-thumbs-layout-horizontal","24":"owp-btn-normal","25":"owp-tabs-layout-horizontal"},"_links":{"self":[{"href":"https:\/\/ferramentaidraulicasavi.it\/index.php?rest_route=\/wp\/v2\/product\/210774","targetHints":{"allow":["GET"]}}],"collection":[{"href":"https:\/\/ferramentaidraulicasavi.it\/index.php?rest_route=\/wp\/v2\/product"}],"about":[{"href":"https:\/\/ferramentaidraulicasavi.it\/index.php?rest_route=\/wp\/v2\/types\/product"}],"version-history":[{"count":0,"href":"https:\/\/ferramentaidraulicasavi.it\/index.php?rest_route=\/wp\/v2\/product\/210774\/revisions"}],"wp:featuredmedia":[{"embeddable":true,"href":"https:\/\/ferramentaidraulicasavi.it\/index.php?rest_route=\/wp\/v2\/media\/241879"}],"wp:attachment":[{"href":"https:\/\/ferramentaidraulicasavi.it\/index.php?rest_route=%2Fwp%2Fv2%2Fmedia&parent=210774"}],"wp:term":[{"taxonomy":"product_brand","embeddable":true,"href":"https:\/\/ferramentaidraulicasavi.it\/index.php?rest_route=%2Fwp%2Fv2%2Fproduct_brand&post=210774"},{"taxonomy":"product_cat","embeddable":true,"href":"https:\/\/ferramentaidraulicasavi.it\/index.php?rest_route=%2Fwp%2Fv2%2Fproduct_cat&post=210774"},{"taxonomy":"product_tag","embeddable":true,"href":"https:\/\/ferramentaidraulicasavi.it\/index.php?rest_route=%2Fwp%2Fv2%2Fproduct_tag&post=210774"}],"curies":[{"name":"wp","href":"https:\/\/api.w.org\/{rel}","templated":true}]}}