{"id":210597,"date":"2024-09-04T09:29:11","date_gmt":"2024-09-04T07:29:11","guid":{"rendered":"https:\/\/ferramentaidraulicasavi.it\/prodotto\/tracciatore-spray-fluorescente-500-ml-blu-maurer-plus\/"},"modified":"2025-03-17T14:08:55","modified_gmt":"2025-03-17T13:08:55","slug":"tracciatore-spray-fluorescente-500-ml-blu-maurer-plus","status":"publish","type":"product","link":"https:\/\/ferramentaidraulicasavi.it\/?product=tracciatore-spray-fluorescente-500-ml-blu-maurer-plus","title":{"rendered":"TRACCIATORE SPRAY FLUORESCENTE 500 ml BLU MAURER PLUS"},"content":{"rendered":"<p>TRACCIATORI PER CANTIERI &#8211; SPRAY FLUORESCENTI<\/p>\n<p>Marcatore professionale da cantiere per l&#8217;edilizia civile, i cantieri e la costruzione di strade.<br \/>\nUtilizzabile anche nella costruzione di gallerie e nell&#8217;industria mineraria.<\/p>\n<p>Cappuccio di sicurezza monomano brevettato con azionamento Easy Touch per una miglior funzionalit\u00e0 e una maggior sicurezza. <\/p>\n<p>Garanzia di marcatura senza dita macchiate.<br \/>\nTonalit\u00e0: FLUORESCENTI<\/p>\n<p>Qualit\u00e0 e caratteristiche:<\/p>\n<p>\u2022tappo di sicurezza brevettato, utilizzabile con una mano, con tasto di nebulizzazione bloccabile che impedisce in modo sicuro spruzzi accidentali e dita \u201cmacchiate\u201d<\/p>\n<p>\u2022nebulizzazione fino al completo esaurimento garantita al 100%<br \/>\ngrazie al sistema autopulente (non \u00e8 necessario pulire dopo l\u2019uso)<\/p>\n<p>\u2022speciale valvola orientabile per marcature precise su pareti e al suolo<\/p>\n<p>\u2022marcature antiusura e resistenti alle intemperie fino a 9-12 mesi<\/p>\n<p>\u2022elevato potere coprente grazie all\u2018alta percentuale di pigmenti<\/p>\n<p>\u2022resa molto elevata grazie allo speciale sistema di nebulizzazione<\/p>\n<p>\u2022tonalit\u00e0 fluo altamente luminose<\/p>\n<p>\u2022eccellente adesione anche su fondi umidi<\/p>\n<p>\u2022affidabile anche a temperature sotto lo zero (fino a -20\u00b0C)<\/p>\n<p>\u2022estremamente facile da agitare anche dopo lunghi periodi di inutilizzo<\/p>\n<p>\u2022Facile da utilizzare anche con i guanti<\/p>\n<p>\u2022tappo di sicurezza rimovibile per l\u2019utilizzo con dispositivi<\/p>\n<p>\u2022accessori di marcatura<\/p>\n<p>\u2022rispetta l\u2019ambiente e non nuoce alla salute<br \/>\nVantaggi<\/p>\n<p>\u2022Cappellotto di sicurezza brevettato per la massima funzionalit\u00e0 e sicurezza<\/p>\n<p>\u2022Valvola speciale per applicazioni upside-down<\/p>\n<p>\u2022Cappellotto rimuovibile per applicazioni speciali<\/p>\n<p>\u2022Cappellotto con il colore del prodotto<\/p>\n","protected":false},"excerpt":{"rendered":"<p>TRACCIATORI PER CANTIERI &#8211; SPRAY FLUORESCENTI Marcatore professionale da cantiere per l&#8217;edilizia civile, i cantieri e la costruzione di strade. Utilizzabile anche nella costruzione di gallerie e nell&#8217;industria mineraria. Cappuccio di sicurezza monomano brevettato con azionamento Easy Touch per una miglior funzionalit\u00e0 e una maggior sicurezza. Garanzia di marcatura senza dita macchiate. Tonalit\u00e0: FLUORESCENTI Qualit\u00e0 [&hellip;]<\/p>\n","protected":false},"featured_media":243469,"template":"","meta":{"ocean_post_layout":"","ocean_both_sidebars_style":"","ocean_both_sidebars_content_width":0,"ocean_both_sidebars_sidebars_width":0,"ocean_sidebar":"","ocean_second_sidebar":"","ocean_disable_margins":"enable","ocean_add_body_class":"","ocean_shortcode_before_top_bar":"","ocean_shortcode_after_top_bar":"","ocean_shortcode_before_header":"","ocean_shortcode_after_header":"","ocean_has_shortcode":"","ocean_shortcode_after_title":"","ocean_shortcode_before_footer_widgets":"","ocean_shortcode_after_footer_widgets":"","ocean_shortcode_before_footer_bottom":"","ocean_shortcode_after_footer_bottom":"","ocean_display_top_bar":"default","ocean_display_header":"default","ocean_header_style":"","ocean_center_header_left_menu":"","ocean_custom_header_template":"","ocean_custom_logo":0,"ocean_custom_retina_logo":0,"ocean_custom_logo_max_width":0,"ocean_custom_logo_tablet_max_width":0,"ocean_custom_logo_mobile_max_width":0,"ocean_custom_logo_max_height":0,"ocean_custom_logo_tablet_max_height":0,"ocean_custom_logo_mobile_max_height":0,"ocean_header_custom_menu":"","ocean_menu_typo_font_family":"","ocean_menu_typo_font_subset":"","ocean_menu_typo_font_size":0,"ocean_menu_typo_font_size_tablet":0,"ocean_menu_typo_font_size_mobile":0,"ocean_menu_typo_font_size_unit":"px","ocean_menu_typo_font_weight":"","ocean_menu_typo_font_weight_tablet":"","ocean_menu_typo_font_weight_mobile":"","ocean_menu_typo_transform":"","ocean_menu_typo_transform_tablet":"","ocean_menu_typo_transform_mobile":"","ocean_menu_typo_line_height":0,"ocean_menu_typo_line_height_tablet":0,"ocean_menu_typo_line_height_mobile":0,"ocean_menu_typo_line_height_unit":"","ocean_menu_typo_spacing":0,"ocean_menu_typo_spacing_tablet":0,"ocean_menu_typo_spacing_mobile":0,"ocean_menu_typo_spacing_unit":"","ocean_menu_link_color":"","ocean_menu_link_color_hover":"","ocean_menu_link_color_active":"","ocean_menu_link_background":"","ocean_menu_link_hover_background":"","ocean_menu_link_active_background":"","ocean_menu_social_links_bg":"","ocean_menu_social_hover_links_bg":"","ocean_menu_social_links_color":"","ocean_menu_social_hover_links_color":"","ocean_disable_title":"default","ocean_disable_heading":"default","ocean_post_title":"","ocean_post_subheading":"","ocean_post_title_style":"","ocean_post_title_background_color":"","ocean_post_title_background":0,"ocean_post_title_bg_image_position":"","ocean_post_title_bg_image_attachment":"","ocean_post_title_bg_image_repeat":"","ocean_post_title_bg_image_size":"","ocean_post_title_height":0,"ocean_post_title_bg_overlay":0.5,"ocean_post_title_bg_overlay_color":"","ocean_disable_breadcrumbs":"default","ocean_breadcrumbs_color":"","ocean_breadcrumbs_separator_color":"","ocean_breadcrumbs_links_color":"","ocean_breadcrumbs_links_hover_color":"","ocean_display_footer_widgets":"default","ocean_display_footer_bottom":"default","ocean_custom_footer_template":""},"product_brand":[],"product_cat":[378,373],"product_tag":[],"class_list":{"0":"post-210597","1":"product","2":"type-product","3":"status-publish","4":"has-post-thumbnail","6":"product_cat-strumenti-di-misura","7":"product_cat-utensileria","9":"entry","10":"has-media","12":"first","13":"instock","14":"taxable","15":"shipping-taxable","16":"product-type-simple","17":"has-product-nav","18":"col","19":"span_1_of_4","20":"owp-content-center","21":"item-entry","22":"owp-thumbs-layout-horizontal","23":"owp-btn-normal","24":"owp-tabs-layout-horizontal","25":"has-no-thumbnails"},"_links":{"self":[{"href":"https:\/\/ferramentaidraulicasavi.it\/index.php?rest_route=\/wp\/v2\/product\/210597","targetHints":{"allow":["GET"]}}],"collection":[{"href":"https:\/\/ferramentaidraulicasavi.it\/index.php?rest_route=\/wp\/v2\/product"}],"about":[{"href":"https:\/\/ferramentaidraulicasavi.it\/index.php?rest_route=\/wp\/v2\/types\/product"}],"version-history":[{"count":0,"href":"https:\/\/ferramentaidraulicasavi.it\/index.php?rest_route=\/wp\/v2\/product\/210597\/revisions"}],"wp:featuredmedia":[{"embeddable":true,"href":"https:\/\/ferramentaidraulicasavi.it\/index.php?rest_route=\/wp\/v2\/media\/243469"}],"wp:attachment":[{"href":"https:\/\/ferramentaidraulicasavi.it\/index.php?rest_route=%2Fwp%2Fv2%2Fmedia&parent=210597"}],"wp:term":[{"taxonomy":"product_brand","embeddable":true,"href":"https:\/\/ferramentaidraulicasavi.it\/index.php?rest_route=%2Fwp%2Fv2%2Fproduct_brand&post=210597"},{"taxonomy":"product_cat","embeddable":true,"href":"https:\/\/ferramentaidraulicasavi.it\/index.php?rest_route=%2Fwp%2Fv2%2Fproduct_cat&post=210597"},{"taxonomy":"product_tag","embeddable":true,"href":"https:\/\/ferramentaidraulicasavi.it\/index.php?rest_route=%2Fwp%2Fv2%2Fproduct_tag&post=210597"}],"curies":[{"name":"wp","href":"https:\/\/api.w.org\/{rel}","templated":true}]}}