{"id":208886,"date":"2023-12-28T11:08:09","date_gmt":"2023-12-28T10:08:09","guid":{"rendered":"https:\/\/ferramentaidraulicasavi.it\/prodotto\/carrello-officina-portaoggetti-einhell-art-tc-tw-100\/"},"modified":"2025-03-17T12:13:25","modified_gmt":"2025-03-17T11:13:25","slug":"carrello-officina-portaoggetti-einhell-art-tc-tw-100","status":"publish","type":"product","link":"https:\/\/ferramentaidraulicasavi.it\/?product=carrello-officina-portaoggetti-einhell-art-tc-tw-100","title":{"rendered":"CARRELLO OFFICINA PORTAOGGETTI EINHELL ART.TC-TW 100"},"content":{"rendered":"<p>Carrello per officina 4 cassetti + 1 portaoggetti<\/p>\n<p>-4 cassetti scorrevoli con sistema Interlock<br \/>\n-Scomparto portaoggetti con sportello per attrezzi<br \/>\n-4 rotelle orientabili , di cui 2 con freno di stazionamento<br \/>\n-Superficie di appoggio con tappetino<br \/>\n-Maniglione di spinta<\/p>\n<p>Descrizione dell&#8217;articolo<br \/>\nIl carrello da officina Einhell TC-TW 100 \u00e8 un valido aiuto in officina per avere sempre gli attrezzi ben in ordine e in vista. Con le sue dimensioni il carrello da officina \u00e8 manovrabile senza problemi. Con quattro resistenti rotelle orientabili di plastica e un maniglione di spinta, il carrello da officina \u00e8 utilizzabile dove si rende necessario. Il pratico carrello da officina trova spazio anche in piccole officine e pu\u00f2 stazionare in qualsiasi angolo. I due freni di stazionamento sulle rotelle lo bloccano nella posizione desiderata. Il TC-TW 100 ha quattro cassetti scorrevoli con sistema Interlock e uno scomparto portaoggetti con sportello, appositamente concepito per gli attrezzi. La superficie di appoggio con tappetino \u00e8 ottimale per gli attrezzi pi\u00f9 delicati. Lo scomparto \u00e8 adatto anche a riporre matite, cacciavite o viti; il tappetino aumenta la resistenza al rotolamento e tiene gli attrezzi fermi nel posto in cui sono stati posati. Il carrello da officina di Einhell ha una portata massima di 75 chilogrammi.<\/p>\n<p>Dettagli tecnici:<br \/>\nDimensione    cm.61,6x33x65,8h<br \/>\nAltezza di lavoro\t658 mm<br \/>\nPeso del prodotto\t18.7 Kg<\/p>\n","protected":false},"excerpt":{"rendered":"<p>Carrello per officina 4 cassetti + 1 portaoggetti -4 cassetti scorrevoli con sistema Interlock -Scomparto portaoggetti con sportello per attrezzi -4 rotelle orientabili , di cui 2 con freno di stazionamento -Superficie di appoggio con tappetino -Maniglione di spinta Descrizione dell&#8217;articolo Il carrello da officina Einhell TC-TW 100 \u00e8 un valido aiuto in officina per [&hellip;]<\/p>\n","protected":false},"featured_media":237055,"template":"","meta":{"ocean_post_layout":"","ocean_both_sidebars_style":"","ocean_both_sidebars_content_width":0,"ocean_both_sidebars_sidebars_width":0,"ocean_sidebar":"0","ocean_second_sidebar":"0","ocean_disable_margins":"enable","ocean_add_body_class":"","ocean_shortcode_before_top_bar":"","ocean_shortcode_after_top_bar":"","ocean_shortcode_before_header":"","ocean_shortcode_after_header":"","ocean_has_shortcode":"","ocean_shortcode_after_title":"","ocean_shortcode_before_footer_widgets":"","ocean_shortcode_after_footer_widgets":"","ocean_shortcode_before_footer_bottom":"","ocean_shortcode_after_footer_bottom":"","ocean_display_top_bar":"default","ocean_display_header":"default","ocean_header_style":"","ocean_center_header_left_menu":"0","ocean_custom_header_template":"0","ocean_custom_logo":0,"ocean_custom_retina_logo":0,"ocean_custom_logo_max_width":0,"ocean_custom_logo_tablet_max_width":0,"ocean_custom_logo_mobile_max_width":0,"ocean_custom_logo_max_height":0,"ocean_custom_logo_tablet_max_height":0,"ocean_custom_logo_mobile_max_height":0,"ocean_header_custom_menu":"0","ocean_menu_typo_font_family":"0","ocean_menu_typo_font_subset":"","ocean_menu_typo_font_size":0,"ocean_menu_typo_font_size_tablet":0,"ocean_menu_typo_font_size_mobile":0,"ocean_menu_typo_font_size_unit":"px","ocean_menu_typo_font_weight":"","ocean_menu_typo_font_weight_tablet":"","ocean_menu_typo_font_weight_mobile":"","ocean_menu_typo_transform":"","ocean_menu_typo_transform_tablet":"","ocean_menu_typo_transform_mobile":"","ocean_menu_typo_line_height":0,"ocean_menu_typo_line_height_tablet":0,"ocean_menu_typo_line_height_mobile":0,"ocean_menu_typo_line_height_unit":"","ocean_menu_typo_spacing":0,"ocean_menu_typo_spacing_tablet":0,"ocean_menu_typo_spacing_mobile":0,"ocean_menu_typo_spacing_unit":"","ocean_menu_link_color":"","ocean_menu_link_color_hover":"","ocean_menu_link_color_active":"","ocean_menu_link_background":"","ocean_menu_link_hover_background":"","ocean_menu_link_active_background":"","ocean_menu_social_links_bg":"","ocean_menu_social_hover_links_bg":"","ocean_menu_social_links_color":"","ocean_menu_social_hover_links_color":"","ocean_disable_title":"default","ocean_disable_heading":"default","ocean_post_title":"","ocean_post_subheading":"","ocean_post_title_style":"","ocean_post_title_background_color":"","ocean_post_title_background":0,"ocean_post_title_bg_image_position":"","ocean_post_title_bg_image_attachment":"","ocean_post_title_bg_image_repeat":"","ocean_post_title_bg_image_size":"","ocean_post_title_height":0,"ocean_post_title_bg_overlay":0.5,"ocean_post_title_bg_overlay_color":"","ocean_disable_breadcrumbs":"default","ocean_breadcrumbs_color":"","ocean_breadcrumbs_separator_color":"","ocean_breadcrumbs_links_color":"","ocean_breadcrumbs_links_hover_color":"","ocean_display_footer_widgets":"default","ocean_display_footer_bottom":"default","ocean_custom_footer_template":"0"},"product_brand":[],"product_cat":[321,311],"product_tag":[],"class_list":{"0":"post-208886","1":"product","2":"type-product","3":"status-publish","4":"has-post-thumbnail","6":"product_cat-carrelli-portapacchi-ruote","7":"product_cat-ferramenta","9":"entry","10":"has-media","12":"first","13":"instock","14":"taxable","15":"shipping-taxable","16":"product-type-simple","17":"has-product-nav","18":"col","19":"span_1_of_4","20":"owp-content-center","21":"item-entry","22":"owp-thumbs-layout-horizontal","23":"owp-btn-normal","24":"owp-tabs-layout-horizontal"},"_links":{"self":[{"href":"https:\/\/ferramentaidraulicasavi.it\/index.php?rest_route=\/wp\/v2\/product\/208886","targetHints":{"allow":["GET"]}}],"collection":[{"href":"https:\/\/ferramentaidraulicasavi.it\/index.php?rest_route=\/wp\/v2\/product"}],"about":[{"href":"https:\/\/ferramentaidraulicasavi.it\/index.php?rest_route=\/wp\/v2\/types\/product"}],"version-history":[{"count":0,"href":"https:\/\/ferramentaidraulicasavi.it\/index.php?rest_route=\/wp\/v2\/product\/208886\/revisions"}],"wp:featuredmedia":[{"embeddable":true,"href":"https:\/\/ferramentaidraulicasavi.it\/index.php?rest_route=\/wp\/v2\/media\/237055"}],"wp:attachment":[{"href":"https:\/\/ferramentaidraulicasavi.it\/index.php?rest_route=%2Fwp%2Fv2%2Fmedia&parent=208886"}],"wp:term":[{"taxonomy":"product_brand","embeddable":true,"href":"https:\/\/ferramentaidraulicasavi.it\/index.php?rest_route=%2Fwp%2Fv2%2Fproduct_brand&post=208886"},{"taxonomy":"product_cat","embeddable":true,"href":"https:\/\/ferramentaidraulicasavi.it\/index.php?rest_route=%2Fwp%2Fv2%2Fproduct_cat&post=208886"},{"taxonomy":"product_tag","embeddable":true,"href":"https:\/\/ferramentaidraulicasavi.it\/index.php?rest_route=%2Fwp%2Fv2%2Fproduct_tag&post=208886"}],"curies":[{"name":"wp","href":"https:\/\/api.w.org\/{rel}","templated":true}]}}