{"id":206853,"date":"2023-09-27T11:11:48","date_gmt":"2023-09-27T09:11:48","guid":{"rendered":"https:\/\/ferramentaidraulicasavi.it\/prodotto\/vite-parker-autofilett-tc-o-29-x-95-mm\/"},"modified":"2025-03-17T14:18:55","modified_gmt":"2025-03-17T13:18:55","slug":"vite-parker-autofilett-tc-o-29-x-95-mm","status":"publish","type":"product","link":"https:\/\/ferramentaidraulicasavi.it\/?product=vite-parker-autofilett-tc-o-29-x-95-mm","title":{"rendered":"VITE PARKER AUTOFILETT. TC \u00d8 2,9 x 9,5 mm"},"content":{"rendered":"<p>Vite specifica per l\u2019avvitamento diretto su: lamiere, laminati metallici, leghe, materiali plastici senza operazioni di maschiatura e uso di dadi.<\/p>\n<p>CAVA<br \/>\nad elevata profondit\u00e0 per garantire un corretto accoppiamento con la punta avvitatrice. Una cava profonda, con una geometria perfetta, permette di impiegare lo stesso inserto per migliaia di avvitamenti.<\/p>\n<p>FILETTO<br \/>\nfin sotto testa, per consentire il serraggio di lamiere con spessore anche molto ridotto.<\/p>\n<p>PUNTA<br \/>\nfilettata fin sull\u2019estremita`, per consentire alla vite di deformare gradualmente il materiale creando una \u201cimbutitura\u201d, che aumenta la tenuta sulle lamiere sottili.<\/p>\n<p>TRATTAMENTO TERMICO DI CARBONITRURAZIONE<\/p>\n<p>TRATTAMENTO GALVANICO<br \/>\nIl trattamento Zincato Bianco 100h garantisce una resistenza alla ruggine di un terzo superiore rispetto alle normali zincature. Conforme al grado 3 della norma EN1670.<br \/>\nMaggiori info: trattamenti di finitura<\/p>\n<p>CONTROLLI IN PROCESS<br \/>\nTutto il processo produttivo \u00e8 sottoposto al sistema di controllo SPC (Statistical Product Control), che garantisce un elevato livello qualitativo costante nel tempo.<br \/>\nIl numero di lotto sulle etichette consente la totale rintracciabilit\u00e0 di tutte le fasi produttive e dei relativi documenti di controllo\/collaudo.<\/p>\n<p>VITI CALIBRATE<br \/>\nLe viti Autofilettanti Mustad sono prodotte rispettando tolleranze pi\u00f9 ristrette rispetto a quelle standard. Si possono pertanto definire \u201ccalibrate\u201d, in grado cio\u00e8 di scorrere con pi\u00f9 facilit\u00e0 nelle guide e nei tubi di carico delle macchine avvitatrici.<\/p>\n","protected":false},"excerpt":{"rendered":"<p>Vite specifica per l\u2019avvitamento diretto su: lamiere, laminati metallici, leghe, materiali plastici senza operazioni di maschiatura e uso di dadi. CAVA ad elevata profondit\u00e0 per garantire un corretto accoppiamento con la punta avvitatrice. Una cava profonda, con una geometria perfetta, permette di impiegare lo stesso inserto per migliaia di avvitamenti. FILETTO fin sotto testa, per [&hellip;]<\/p>\n","protected":false},"featured_media":244249,"template":"","meta":{"ocean_post_layout":"","ocean_both_sidebars_style":"","ocean_both_sidebars_content_width":0,"ocean_both_sidebars_sidebars_width":0,"ocean_sidebar":"","ocean_second_sidebar":"","ocean_disable_margins":"enable","ocean_add_body_class":"","ocean_shortcode_before_top_bar":"","ocean_shortcode_after_top_bar":"","ocean_shortcode_before_header":"","ocean_shortcode_after_header":"","ocean_has_shortcode":"","ocean_shortcode_after_title":"","ocean_shortcode_before_footer_widgets":"","ocean_shortcode_after_footer_widgets":"","ocean_shortcode_before_footer_bottom":"","ocean_shortcode_after_footer_bottom":"","ocean_display_top_bar":"default","ocean_display_header":"default","ocean_header_style":"","ocean_center_header_left_menu":"","ocean_custom_header_template":"","ocean_custom_logo":0,"ocean_custom_retina_logo":0,"ocean_custom_logo_max_width":0,"ocean_custom_logo_tablet_max_width":0,"ocean_custom_logo_mobile_max_width":0,"ocean_custom_logo_max_height":0,"ocean_custom_logo_tablet_max_height":0,"ocean_custom_logo_mobile_max_height":0,"ocean_header_custom_menu":"","ocean_menu_typo_font_family":"","ocean_menu_typo_font_subset":"","ocean_menu_typo_font_size":0,"ocean_menu_typo_font_size_tablet":0,"ocean_menu_typo_font_size_mobile":0,"ocean_menu_typo_font_size_unit":"px","ocean_menu_typo_font_weight":"","ocean_menu_typo_font_weight_tablet":"","ocean_menu_typo_font_weight_mobile":"","ocean_menu_typo_transform":"","ocean_menu_typo_transform_tablet":"","ocean_menu_typo_transform_mobile":"","ocean_menu_typo_line_height":0,"ocean_menu_typo_line_height_tablet":0,"ocean_menu_typo_line_height_mobile":0,"ocean_menu_typo_line_height_unit":"","ocean_menu_typo_spacing":0,"ocean_menu_typo_spacing_tablet":0,"ocean_menu_typo_spacing_mobile":0,"ocean_menu_typo_spacing_unit":"","ocean_menu_link_color":"","ocean_menu_link_color_hover":"","ocean_menu_link_color_active":"","ocean_menu_link_background":"","ocean_menu_link_hover_background":"","ocean_menu_link_active_background":"","ocean_menu_social_links_bg":"","ocean_menu_social_hover_links_bg":"","ocean_menu_social_links_color":"","ocean_menu_social_hover_links_color":"","ocean_disable_title":"default","ocean_disable_heading":"default","ocean_post_title":"","ocean_post_subheading":"","ocean_post_title_style":"","ocean_post_title_background_color":"","ocean_post_title_background":0,"ocean_post_title_bg_image_position":"","ocean_post_title_bg_image_attachment":"","ocean_post_title_bg_image_repeat":"","ocean_post_title_bg_image_size":"","ocean_post_title_height":0,"ocean_post_title_bg_overlay":0.5,"ocean_post_title_bg_overlay_color":"","ocean_disable_breadcrumbs":"default","ocean_breadcrumbs_color":"","ocean_breadcrumbs_separator_color":"","ocean_breadcrumbs_links_color":"","ocean_breadcrumbs_links_hover_color":"","ocean_display_footer_widgets":"default","ocean_display_footer_bottom":"default","ocean_custom_footer_template":""},"product_brand":[],"product_cat":[313,311],"product_tag":[],"class_list":{"0":"post-206853","1":"product","2":"type-product","3":"status-publish","4":"has-post-thumbnail","6":"product_cat-bulloneria-viteria-chiodi","7":"product_cat-ferramenta","9":"entry","10":"has-media","12":"first","13":"instock","14":"taxable","15":"shipping-taxable","16":"purchasable","17":"product-type-simple","18":"has-product-nav","19":"col","20":"span_1_of_4","21":"owp-content-center","22":"item-entry","23":"owp-thumbs-layout-horizontal","24":"owp-btn-normal","25":"owp-tabs-layout-horizontal","26":"has-no-thumbnails"},"_links":{"self":[{"href":"https:\/\/ferramentaidraulicasavi.it\/index.php?rest_route=\/wp\/v2\/product\/206853","targetHints":{"allow":["GET"]}}],"collection":[{"href":"https:\/\/ferramentaidraulicasavi.it\/index.php?rest_route=\/wp\/v2\/product"}],"about":[{"href":"https:\/\/ferramentaidraulicasavi.it\/index.php?rest_route=\/wp\/v2\/types\/product"}],"version-history":[{"count":0,"href":"https:\/\/ferramentaidraulicasavi.it\/index.php?rest_route=\/wp\/v2\/product\/206853\/revisions"}],"wp:featuredmedia":[{"embeddable":true,"href":"https:\/\/ferramentaidraulicasavi.it\/index.php?rest_route=\/wp\/v2\/media\/244249"}],"wp:attachment":[{"href":"https:\/\/ferramentaidraulicasavi.it\/index.php?rest_route=%2Fwp%2Fv2%2Fmedia&parent=206853"}],"wp:term":[{"taxonomy":"product_brand","embeddable":true,"href":"https:\/\/ferramentaidraulicasavi.it\/index.php?rest_route=%2Fwp%2Fv2%2Fproduct_brand&post=206853"},{"taxonomy":"product_cat","embeddable":true,"href":"https:\/\/ferramentaidraulicasavi.it\/index.php?rest_route=%2Fwp%2Fv2%2Fproduct_cat&post=206853"},{"taxonomy":"product_tag","embeddable":true,"href":"https:\/\/ferramentaidraulicasavi.it\/index.php?rest_route=%2Fwp%2Fv2%2Fproduct_tag&post=206853"}],"curies":[{"name":"wp","href":"https:\/\/api.w.org\/{rel}","templated":true}]}}