{"id":206801,"date":"2023-09-27T11:11:15","date_gmt":"2023-09-27T09:11:15","guid":{"rendered":"https:\/\/ferramentaidraulicasavi.it\/prodotto\/vite-panelvit-legno-chromiting-o-6-x-70-mm\/"},"modified":"2025-03-17T14:18:25","modified_gmt":"2025-03-17T13:18:25","slug":"vite-panelvit-legno-chromiting-o-6-x-70-mm","status":"publish","type":"product","link":"https:\/\/ferramentaidraulicasavi.it\/?product=vite-panelvit-legno-chromiting-o-6-x-70-mm","title":{"rendered":"VITE PANELVIT LEGNO CHROMITING \u00d8 6 x 70 mm"},"content":{"rendered":"<p>Vite universale lubrificata adatta per l\u2019avvitamento senza preforo su: pannelli truciolari, legno, elementi di ferramenta, lamiere sottili, plastiche e tasselli.<\/p>\n<p>CAVA<br \/>\nad elevata profondit\u00e0 per garantire un corretto accoppiamento con la punta avvitatrice. Una cava profonda, con una geometria perfetta, permette di impiegare lo stesso inserto per migliaia di avvitamenti.<\/p>\n<p>TESTA<br \/>\nrinforzata per consentire la trasmissione di alte coppie di avvitamento.<\/p>\n<p>FILETTO<br \/>\na profilo liscio e tagliente per garantire un avanzamento veloce con il minimo sforzo, riducendo i rischi di fessurazione del legno.<\/p>\n<p>PUNTA OGIVA<br \/>\nFilettata fin sull\u2019estremit\u00e0, garantisce una presa sicura senza slittamenti ed una penetrazione graduale e costante della vite. Si ottiene cos\u00ec una veloce penetrazione e, non avendo punti di discontinuit\u00e0, si riduce il rischio di fessurazione dei materiali.<\/p>\n<p>TRATTAMENTO TERMICO DI CARBONITRURAZIONE<\/p>\n<p>TRATTAMENTO GALVANICO<br \/>\nIl trattamento Chromiting\u00ae ha una resistenza alla corrosione molto superiore rispetto alla zincatura bianca o gialla. \u00c8 utilizzabile per applicazioni sia all\u2019interno che all\u2019esterno e rispetta l\u2019ambiente conformemente alle norme RoHS, Reach e 2000\/53\/EU.<\/p>\n<p>LUBRIFICAZIONE<\/p>\n<p>CONTROLLI IN PROCESS<br \/>\nTutto il processo produttivo \u00e8 sottoposto al sistema di controllo SPC (Statistical Product Control), che garantisce un elevato livello qualitativo costante nel tempo.<\/p>\n<p>VITI CALIBRATE<br \/>\nLe viti Panelvit\u00ae Mustad sono prodotte rispettando tolleranze pi\u00f9 ristrette rispetto a quelle standard. Si possono pertanto definire \u201ccalibrate\u201d, in grado cio\u00e8 di scorrere con pi\u00f9 facilit\u00e0 nelle guide e nei tubi di carico delle macchine avvitatrici.<\/p>\n<p>MARCATURA CE<br \/>\nRelativa agli elementi di assemblaggio per la realizzazione di strutture portanti in legno, secondo la norma EN 14592:2009 (conferita dal CSTB Centre Scientifique du B\u00e2timent di Parigi). Rilascio della DDP (Dichiarazione Di Prestazione), secondo regolamento europeo delle costruzioni 305\/2011.<\/p>\n","protected":false},"excerpt":{"rendered":"<p>Vite universale lubrificata adatta per l\u2019avvitamento senza preforo su: pannelli truciolari, legno, elementi di ferramenta, lamiere sottili, plastiche e tasselli. CAVA ad elevata profondit\u00e0 per garantire un corretto accoppiamento con la punta avvitatrice. Una cava profonda, con una geometria perfetta, permette di impiegare lo stesso inserto per migliaia di avvitamenti. TESTA rinforzata per consentire la [&hellip;]<\/p>\n","protected":false},"featured_media":244195,"template":"","meta":{"ocean_post_layout":"","ocean_both_sidebars_style":"","ocean_both_sidebars_content_width":0,"ocean_both_sidebars_sidebars_width":0,"ocean_sidebar":"","ocean_second_sidebar":"","ocean_disable_margins":"enable","ocean_add_body_class":"","ocean_shortcode_before_top_bar":"","ocean_shortcode_after_top_bar":"","ocean_shortcode_before_header":"","ocean_shortcode_after_header":"","ocean_has_shortcode":"","ocean_shortcode_after_title":"","ocean_shortcode_before_footer_widgets":"","ocean_shortcode_after_footer_widgets":"","ocean_shortcode_before_footer_bottom":"","ocean_shortcode_after_footer_bottom":"","ocean_display_top_bar":"default","ocean_display_header":"default","ocean_header_style":"","ocean_center_header_left_menu":"","ocean_custom_header_template":"","ocean_custom_logo":0,"ocean_custom_retina_logo":0,"ocean_custom_logo_max_width":0,"ocean_custom_logo_tablet_max_width":0,"ocean_custom_logo_mobile_max_width":0,"ocean_custom_logo_max_height":0,"ocean_custom_logo_tablet_max_height":0,"ocean_custom_logo_mobile_max_height":0,"ocean_header_custom_menu":"","ocean_menu_typo_font_family":"","ocean_menu_typo_font_subset":"","ocean_menu_typo_font_size":0,"ocean_menu_typo_font_size_tablet":0,"ocean_menu_typo_font_size_mobile":0,"ocean_menu_typo_font_size_unit":"px","ocean_menu_typo_font_weight":"","ocean_menu_typo_font_weight_tablet":"","ocean_menu_typo_font_weight_mobile":"","ocean_menu_typo_transform":"","ocean_menu_typo_transform_tablet":"","ocean_menu_typo_transform_mobile":"","ocean_menu_typo_line_height":0,"ocean_menu_typo_line_height_tablet":0,"ocean_menu_typo_line_height_mobile":0,"ocean_menu_typo_line_height_unit":"","ocean_menu_typo_spacing":0,"ocean_menu_typo_spacing_tablet":0,"ocean_menu_typo_spacing_mobile":0,"ocean_menu_typo_spacing_unit":"","ocean_menu_link_color":"","ocean_menu_link_color_hover":"","ocean_menu_link_color_active":"","ocean_menu_link_background":"","ocean_menu_link_hover_background":"","ocean_menu_link_active_background":"","ocean_menu_social_links_bg":"","ocean_menu_social_hover_links_bg":"","ocean_menu_social_links_color":"","ocean_menu_social_hover_links_color":"","ocean_disable_title":"default","ocean_disable_heading":"default","ocean_post_title":"","ocean_post_subheading":"","ocean_post_title_style":"","ocean_post_title_background_color":"","ocean_post_title_background":0,"ocean_post_title_bg_image_position":"","ocean_post_title_bg_image_attachment":"","ocean_post_title_bg_image_repeat":"","ocean_post_title_bg_image_size":"","ocean_post_title_height":0,"ocean_post_title_bg_overlay":0.5,"ocean_post_title_bg_overlay_color":"","ocean_disable_breadcrumbs":"default","ocean_breadcrumbs_color":"","ocean_breadcrumbs_separator_color":"","ocean_breadcrumbs_links_color":"","ocean_breadcrumbs_links_hover_color":"","ocean_display_footer_widgets":"default","ocean_display_footer_bottom":"default","ocean_custom_footer_template":""},"product_brand":[],"product_cat":[313,311],"product_tag":[],"class_list":{"0":"post-206801","1":"product","2":"type-product","3":"status-publish","4":"has-post-thumbnail","6":"product_cat-bulloneria-viteria-chiodi","7":"product_cat-ferramenta","9":"entry","10":"has-media","12":"first","13":"instock","14":"taxable","15":"shipping-taxable","16":"purchasable","17":"product-type-simple","18":"has-product-nav","19":"col","20":"span_1_of_4","21":"owp-content-center","22":"item-entry","23":"owp-thumbs-layout-horizontal","24":"owp-btn-normal","25":"owp-tabs-layout-horizontal","26":"has-no-thumbnails"},"_links":{"self":[{"href":"https:\/\/ferramentaidraulicasavi.it\/index.php?rest_route=\/wp\/v2\/product\/206801","targetHints":{"allow":["GET"]}}],"collection":[{"href":"https:\/\/ferramentaidraulicasavi.it\/index.php?rest_route=\/wp\/v2\/product"}],"about":[{"href":"https:\/\/ferramentaidraulicasavi.it\/index.php?rest_route=\/wp\/v2\/types\/product"}],"version-history":[{"count":0,"href":"https:\/\/ferramentaidraulicasavi.it\/index.php?rest_route=\/wp\/v2\/product\/206801\/revisions"}],"wp:featuredmedia":[{"embeddable":true,"href":"https:\/\/ferramentaidraulicasavi.it\/index.php?rest_route=\/wp\/v2\/media\/244195"}],"wp:attachment":[{"href":"https:\/\/ferramentaidraulicasavi.it\/index.php?rest_route=%2Fwp%2Fv2%2Fmedia&parent=206801"}],"wp:term":[{"taxonomy":"product_brand","embeddable":true,"href":"https:\/\/ferramentaidraulicasavi.it\/index.php?rest_route=%2Fwp%2Fv2%2Fproduct_brand&post=206801"},{"taxonomy":"product_cat","embeddable":true,"href":"https:\/\/ferramentaidraulicasavi.it\/index.php?rest_route=%2Fwp%2Fv2%2Fproduct_cat&post=206801"},{"taxonomy":"product_tag","embeddable":true,"href":"https:\/\/ferramentaidraulicasavi.it\/index.php?rest_route=%2Fwp%2Fv2%2Fproduct_tag&post=206801"}],"curies":[{"name":"wp","href":"https:\/\/api.w.org\/{rel}","templated":true}]}}