{"id":206358,"date":"2023-09-27T11:08:03","date_gmt":"2023-09-27T09:08:03","guid":{"rendered":"https:\/\/ferramentaidraulicasavi.it\/prodotto\/valvola-antiriflusso-o-100-mm-innesto-easy-touch\/"},"modified":"2025-03-17T14:12:47","modified_gmt":"2025-03-17T13:12:47","slug":"valvola-antiriflusso-o-100-mm-innesto-easy-touch","status":"publish","type":"product","link":"https:\/\/ferramentaidraulicasavi.it\/?product=valvola-antiriflusso-o-100-mm-innesto-easy-touch","title":{"rendered":"VALVOLA ANTIRIFLUSSO \u00d8 100 mm INNESTO  EASY TOUCH"},"content":{"rendered":"<p>Valvola antirifusso in pvc rosso fogna con leva di arresto mm.100<br \/>\nEASYTOUCH &#8211; AD INCOLLAGGIO &#8211;<br \/>\nVALVOLA ANTIRIFLESSO A INCOLLAGGIO PVC ROSSO<br \/>\nValvole antiriflusso EASYTOUCH: la soluzione ai problemi di allagamento<br \/>\nI cambiamenti climatici e le urbanizzazioni sempre pi\u00f9 concentrate portano spesso a problemi di sovraccarico delle reti fognarie, con conseguenti problemi di allagamento.<br \/>\nIl modo pi\u00f9 semplice ed economico per prevenire il problema \u00e8 l&#8217;installazione di una valvola antiriflusso EASYTOUCH.<br \/>\nQuesta semplice operazione protegger\u00e0 l&#8217;abitazione da danni spesso gravi ed economicamente rilevanti, a cui il proprietario della casa deve far fronte personalmente.<br \/>\nValvola antiriflusso EASYTOUCHLa valvola di riflusso EASYTOUCH va installata nelle tubazioni di scarico e permette il normale deflusso delle acque nella rete di scarico comunale impedendone il riflusso accidentale.<br \/>\nE&#8217; particolarmente indicata in casi di:<br \/>\nterreni sotto il livello dell&#8217;acqua;<br \/>\nzone adiacenti fiumi, laghi, mare;<br \/>\nquando la tubazione di scarico \u00e8 collegata a valle con tubazioni di acqua piovana (pericoloso in caso di piogge abbondanti);<br \/>\nse \u00e8 gi\u00e0 capitato un sovraccarico delle fognature;<br \/>\nse \u00e8 probabile un ampliamento della comunit\u00e0 con conseguente pericolo di sovraccarico delle fognature;<br \/>\nquando nella fognatura municipale ci sono delle stazioni di pompaggio.<br \/>\nRequisiti e certificazioni obbligatorie delle valvole antiriflusso<br \/>\nLe valvole antiriflusso EASYTOUCH sono certificate presso l&#8217;Istituto &#8220;T\u00dcV Rheinland LGA&#8221; di W\u00fcrzburg (D), secondo le norme europee EN 13564.<br \/>\nValvole Certificate garantiscono le seguenti prestazioni:<br \/>\ndeflusso regolare e garantito dall&#8217;apertura del piattello anche in presenza di minime pressioni (50 mm di colonna d&#8217;acqua pari a 0,005 bar);<br \/>\nindeformabilit\u00e0 e resistenza del prodotto dopo 600 cicli di prova a temperatura variabile (60 secondi a 75\u00b0 \/ 60 secondi a 15\u00b0 C);<br \/>\nefficacia del dispositivo antiriflusso sottoposto a 35 cicli di riflusso con durata variabile da 5 a 10 minuti e pressione da 0,01 a 0,5 bar (pari a 5 metri di colonna d&#8217;acqua);<br \/>\nresistenza e tenuta idraulica di tutto il corpo valvola sottoposto a una pressione di 5 metri di colonna d&#8217;acqua pari a 0,5 bar;<br \/>\nconformit\u00e0 degli attacchi alle dimensioni stabilite dalle norme EN 1401 e EN 1329;<br \/>\ndimensionamento e libero azionamento ottimali delle parti mobili per evitare il rischio di inceppamenti durante i movimenti di apertura\/chiusura.<br \/>\nEASYTOUCH<br \/>\nRappresenta lo strumento indispensabile per prevenire i problemi di allagamento e riflusso che possono verificarsi in abitazioni a piano terra, locali seminterrati, garage, cantine o in tutte quelle abitazioni soggette a tali tipi di rischi.<br \/>\nStampata ad iniezione in PVC o in ABS, ad incollaggio o con O-RING, EASYTOUCH \u00e8 la perfetta combinazione tra estrema facilit\u00e0 di utilizzo e massima funzionalit\u00e0.<br \/>\nEASYTOUCH \u00e8 conforme alla Normativa Europea UNI EN 13564:1 inerente le disposizioni sui dispositivi antiallagamento.<br \/>\nValvola antiriflusso EASYTOUCH<br \/>\nVantaggi<br \/>\nFacile e veloce da installare e ispezionare<br \/>\nPiattello leggero e resistente, asportabile all&#8217;occorrenza per favorire la periodica manutenzione<br \/>\nPareti lisce e angoli arrotondati per prevenire il deposito di solidi che potrebbero interferire con un corretto utilizzo della valvola<br \/>\nGuarnizioni poste &#8220;in sede&#8221; per assicurare maggio stabilit\u00e0 e resistenza all&#8217;usura<br \/>\nEffettiva protenzione contro allagamento, ingresso di roditori nella propria abitazione, cattivi odori<br \/>\nDati tecnici<\/p>\n<p>Coperchio di ispezione<br \/>\nStampato ad iniezione in PVC o in ABS e del tutto privo di bulloni, consente una massima visibilit\u00e0 dell&#8217;interno valvola e una completa facilit\u00e0 di ispezione<br \/>\nManopola di bloccaggio<br \/>\nRisultato dell&#8217;assemblaggio di tre diverse componenti: manopola, guarnizione e sostegno interno, permette di bloccare il piattello in posizione chiusa<br \/>\nGuarnizioni<br \/>\nRealizzate in PVC pi\u00f9 gomma N<\/p>\n","protected":false},"excerpt":{"rendered":"<p>Valvola antirifusso in pvc rosso fogna con leva di arresto mm.100 EASYTOUCH &#8211; AD INCOLLAGGIO &#8211; VALVOLA ANTIRIFLESSO A INCOLLAGGIO PVC ROSSO Valvole antiriflusso EASYTOUCH: la soluzione ai problemi di allagamento I cambiamenti climatici e le urbanizzazioni sempre pi\u00f9 concentrate portano spesso a problemi di sovraccarico delle reti fognarie, con conseguenti problemi di allagamento. Il [&hellip;]<\/p>\n","protected":false},"featured_media":243742,"template":"","meta":{"ocean_post_layout":"","ocean_both_sidebars_style":"","ocean_both_sidebars_content_width":0,"ocean_both_sidebars_sidebars_width":0,"ocean_sidebar":"","ocean_second_sidebar":"","ocean_disable_margins":"enable","ocean_add_body_class":"","ocean_shortcode_before_top_bar":"","ocean_shortcode_after_top_bar":"","ocean_shortcode_before_header":"","ocean_shortcode_after_header":"","ocean_has_shortcode":"","ocean_shortcode_after_title":"","ocean_shortcode_before_footer_widgets":"","ocean_shortcode_after_footer_widgets":"","ocean_shortcode_before_footer_bottom":"","ocean_shortcode_after_footer_bottom":"","ocean_display_top_bar":"default","ocean_display_header":"default","ocean_header_style":"","ocean_center_header_left_menu":"","ocean_custom_header_template":"","ocean_custom_logo":0,"ocean_custom_retina_logo":0,"ocean_custom_logo_max_width":0,"ocean_custom_logo_tablet_max_width":0,"ocean_custom_logo_mobile_max_width":0,"ocean_custom_logo_max_height":0,"ocean_custom_logo_tablet_max_height":0,"ocean_custom_logo_mobile_max_height":0,"ocean_header_custom_menu":"","ocean_menu_typo_font_family":"","ocean_menu_typo_font_subset":"","ocean_menu_typo_font_size":0,"ocean_menu_typo_font_size_tablet":0,"ocean_menu_typo_font_size_mobile":0,"ocean_menu_typo_font_size_unit":"px","ocean_menu_typo_font_weight":"","ocean_menu_typo_font_weight_tablet":"","ocean_menu_typo_font_weight_mobile":"","ocean_menu_typo_transform":"","ocean_menu_typo_transform_tablet":"","ocean_menu_typo_transform_mobile":"","ocean_menu_typo_line_height":0,"ocean_menu_typo_line_height_tablet":0,"ocean_menu_typo_line_height_mobile":0,"ocean_menu_typo_line_height_unit":"","ocean_menu_typo_spacing":0,"ocean_menu_typo_spacing_tablet":0,"ocean_menu_typo_spacing_mobile":0,"ocean_menu_typo_spacing_unit":"","ocean_menu_link_color":"","ocean_menu_link_color_hover":"","ocean_menu_link_color_active":"","ocean_menu_link_background":"","ocean_menu_link_hover_background":"","ocean_menu_link_active_background":"","ocean_menu_social_links_bg":"","ocean_menu_social_hover_links_bg":"","ocean_menu_social_links_color":"","ocean_menu_social_hover_links_color":"","ocean_disable_title":"default","ocean_disable_heading":"default","ocean_post_title":"","ocean_post_subheading":"","ocean_post_title_style":"","ocean_post_title_background_color":"","ocean_post_title_background":0,"ocean_post_title_bg_image_position":"","ocean_post_title_bg_image_attachment":"","ocean_post_title_bg_image_repeat":"","ocean_post_title_bg_image_size":"","ocean_post_title_height":0,"ocean_post_title_bg_overlay":0.5,"ocean_post_title_bg_overlay_color":"","ocean_disable_breadcrumbs":"default","ocean_breadcrumbs_color":"","ocean_breadcrumbs_separator_color":"","ocean_breadcrumbs_links_color":"","ocean_breadcrumbs_links_hover_color":"","ocean_display_footer_widgets":"default","ocean_display_footer_bottom":"default","ocean_custom_footer_template":""},"product_brand":[],"product_cat":[342,356],"product_tag":[],"class_list":{"0":"post-206358","1":"product","2":"type-product","3":"status-publish","4":"has-post-thumbnail","6":"product_cat-idraulica","7":"product_cat-pvc-incollare","9":"entry","10":"has-media","12":"first","13":"instock","14":"taxable","15":"shipping-taxable","16":"product-type-simple","17":"has-product-nav","18":"col","19":"span_1_of_4","20":"owp-content-center","21":"item-entry","22":"owp-thumbs-layout-horizontal","23":"owp-btn-normal","24":"owp-tabs-layout-horizontal","25":"has-no-thumbnails"},"_links":{"self":[{"href":"https:\/\/ferramentaidraulicasavi.it\/index.php?rest_route=\/wp\/v2\/product\/206358","targetHints":{"allow":["GET"]}}],"collection":[{"href":"https:\/\/ferramentaidraulicasavi.it\/index.php?rest_route=\/wp\/v2\/product"}],"about":[{"href":"https:\/\/ferramentaidraulicasavi.it\/index.php?rest_route=\/wp\/v2\/types\/product"}],"version-history":[{"count":0,"href":"https:\/\/ferramentaidraulicasavi.it\/index.php?rest_route=\/wp\/v2\/product\/206358\/revisions"}],"wp:featuredmedia":[{"embeddable":true,"href":"https:\/\/ferramentaidraulicasavi.it\/index.php?rest_route=\/wp\/v2\/media\/243742"}],"wp:attachment":[{"href":"https:\/\/ferramentaidraulicasavi.it\/index.php?rest_route=%2Fwp%2Fv2%2Fmedia&parent=206358"}],"wp:term":[{"taxonomy":"product_brand","embeddable":true,"href":"https:\/\/ferramentaidraulicasavi.it\/index.php?rest_route=%2Fwp%2Fv2%2Fproduct_brand&post=206358"},{"taxonomy":"product_cat","embeddable":true,"href":"https:\/\/ferramentaidraulicasavi.it\/index.php?rest_route=%2Fwp%2Fv2%2Fproduct_cat&post=206358"},{"taxonomy":"product_tag","embeddable":true,"href":"https:\/\/ferramentaidraulicasavi.it\/index.php?rest_route=%2Fwp%2Fv2%2Fproduct_tag&post=206358"}],"curies":[{"name":"wp","href":"https:\/\/api.w.org\/{rel}","templated":true}]}}