{"id":205077,"date":"2023-09-27T08:53:33","date_gmt":"2023-09-27T06:53:33","guid":{"rendered":"https:\/\/ferramentaidraulicasavi.it\/prodotto\/torcia-led-3w-professionale-tactical-cfg\/"},"modified":"2025-03-17T14:08:39","modified_gmt":"2025-03-17T13:08:39","slug":"torcia-led-3w-professionale-tactical-cfg","status":"publish","type":"product","link":"https:\/\/ferramentaidraulicasavi.it\/?product=torcia-led-3w-professionale-tactical-cfg","title":{"rendered":"TORCIA LED 3W PROFESSIONALE TACTICAL CFG"},"content":{"rendered":"<p>TACTICAL 3W, TORCIA PROFESSIONALE 100LM IP64<\/p>\n<p>Torcia tattica professionale 3W con puntatore laser rosso<\/p>\n<p>Descrizione del prodotto<br \/>\nAlimentazione: 3 batterie AAA Duracell (incluse)<br \/>\nIlluminazione: LED COB 3 Watt<br \/>\nLuminosit\u00e0: alta intensit\u00e0 110 Lumen \/ media intensit\u00e0 100 Lumen<br \/>\nProfondit\u00e0: alta intensit\u00e0 50 metri \/ media intensit\u00e0 40 metri<br \/>\nAutonomia: alta intensit\u00e0 7,5 ore \/ stronoscopica 6,5 ore<br \/>\nLuce laser: profondit\u00e0 410 metri, autonomia 47 ore<br \/>\nFunzioni: ON\/OFF, luce alta intensit\u00e0, luce stroboscopica, luce laser rossa<br \/>\nDotazioni: pulsante remoto per fucile<br \/>\nMontaggio: morsetto regolabile per il fissaggio alla canna di fucile<br \/>\nMateriale: alluminio avio alta resistenza<\/p>\n","protected":false},"excerpt":{"rendered":"<p>TACTICAL 3W, TORCIA PROFESSIONALE 100LM IP64 Torcia tattica professionale 3W con puntatore laser rosso Descrizione del prodotto Alimentazione: 3 batterie AAA Duracell (incluse) Illuminazione: LED COB 3 Watt Luminosit\u00e0: alta intensit\u00e0 110 Lumen \/ media intensit\u00e0 100 Lumen Profondit\u00e0: alta intensit\u00e0 50 metri \/ media intensit\u00e0 40 metri Autonomia: alta intensit\u00e0 7,5 ore \/ stronoscopica [&hellip;]<\/p>\n","protected":false},"featured_media":243438,"template":"","meta":{"ocean_post_layout":"","ocean_both_sidebars_style":"","ocean_both_sidebars_content_width":0,"ocean_both_sidebars_sidebars_width":0,"ocean_sidebar":"","ocean_second_sidebar":"","ocean_disable_margins":"enable","ocean_add_body_class":"","ocean_shortcode_before_top_bar":"","ocean_shortcode_after_top_bar":"","ocean_shortcode_before_header":"","ocean_shortcode_after_header":"","ocean_has_shortcode":"","ocean_shortcode_after_title":"","ocean_shortcode_before_footer_widgets":"","ocean_shortcode_after_footer_widgets":"","ocean_shortcode_before_footer_bottom":"","ocean_shortcode_after_footer_bottom":"","ocean_display_top_bar":"default","ocean_display_header":"default","ocean_header_style":"","ocean_center_header_left_menu":"","ocean_custom_header_template":"","ocean_custom_logo":0,"ocean_custom_retina_logo":0,"ocean_custom_logo_max_width":0,"ocean_custom_logo_tablet_max_width":0,"ocean_custom_logo_mobile_max_width":0,"ocean_custom_logo_max_height":0,"ocean_custom_logo_tablet_max_height":0,"ocean_custom_logo_mobile_max_height":0,"ocean_header_custom_menu":"","ocean_menu_typo_font_family":"","ocean_menu_typo_font_subset":"","ocean_menu_typo_font_size":0,"ocean_menu_typo_font_size_tablet":0,"ocean_menu_typo_font_size_mobile":0,"ocean_menu_typo_font_size_unit":"px","ocean_menu_typo_font_weight":"","ocean_menu_typo_font_weight_tablet":"","ocean_menu_typo_font_weight_mobile":"","ocean_menu_typo_transform":"","ocean_menu_typo_transform_tablet":"","ocean_menu_typo_transform_mobile":"","ocean_menu_typo_line_height":0,"ocean_menu_typo_line_height_tablet":0,"ocean_menu_typo_line_height_mobile":0,"ocean_menu_typo_line_height_unit":"","ocean_menu_typo_spacing":0,"ocean_menu_typo_spacing_tablet":0,"ocean_menu_typo_spacing_mobile":0,"ocean_menu_typo_spacing_unit":"","ocean_menu_link_color":"","ocean_menu_link_color_hover":"","ocean_menu_link_color_active":"","ocean_menu_link_background":"","ocean_menu_link_hover_background":"","ocean_menu_link_active_background":"","ocean_menu_social_links_bg":"","ocean_menu_social_hover_links_bg":"","ocean_menu_social_links_color":"","ocean_menu_social_hover_links_color":"","ocean_disable_title":"default","ocean_disable_heading":"default","ocean_post_title":"","ocean_post_subheading":"","ocean_post_title_style":"","ocean_post_title_background_color":"","ocean_post_title_background":0,"ocean_post_title_bg_image_position":"","ocean_post_title_bg_image_attachment":"","ocean_post_title_bg_image_repeat":"","ocean_post_title_bg_image_size":"","ocean_post_title_height":0,"ocean_post_title_bg_overlay":0.5,"ocean_post_title_bg_overlay_color":"","ocean_disable_breadcrumbs":"default","ocean_breadcrumbs_color":"","ocean_breadcrumbs_separator_color":"","ocean_breadcrumbs_links_color":"","ocean_breadcrumbs_links_hover_color":"","ocean_display_footer_widgets":"default","ocean_display_footer_bottom":"default","ocean_custom_footer_template":""},"product_brand":[],"product_cat":[294,308],"product_tag":[],"class_list":{"0":"post-205077","1":"product","2":"type-product","3":"status-publish","4":"has-post-thumbnail","6":"product_cat-elettricita","7":"product_cat-fari-proiettori-torce","9":"entry","10":"has-media","12":"first","13":"instock","14":"taxable","15":"shipping-taxable","16":"product-type-simple","17":"has-product-nav","18":"col","19":"span_1_of_4","20":"owp-content-center","21":"item-entry","22":"owp-thumbs-layout-horizontal","23":"owp-btn-normal","24":"owp-tabs-layout-horizontal","25":"has-no-thumbnails"},"_links":{"self":[{"href":"https:\/\/ferramentaidraulicasavi.it\/index.php?rest_route=\/wp\/v2\/product\/205077","targetHints":{"allow":["GET"]}}],"collection":[{"href":"https:\/\/ferramentaidraulicasavi.it\/index.php?rest_route=\/wp\/v2\/product"}],"about":[{"href":"https:\/\/ferramentaidraulicasavi.it\/index.php?rest_route=\/wp\/v2\/types\/product"}],"version-history":[{"count":0,"href":"https:\/\/ferramentaidraulicasavi.it\/index.php?rest_route=\/wp\/v2\/product\/205077\/revisions"}],"wp:featuredmedia":[{"embeddable":true,"href":"https:\/\/ferramentaidraulicasavi.it\/index.php?rest_route=\/wp\/v2\/media\/243438"}],"wp:attachment":[{"href":"https:\/\/ferramentaidraulicasavi.it\/index.php?rest_route=%2Fwp%2Fv2%2Fmedia&parent=205077"}],"wp:term":[{"taxonomy":"product_brand","embeddable":true,"href":"https:\/\/ferramentaidraulicasavi.it\/index.php?rest_route=%2Fwp%2Fv2%2Fproduct_brand&post=205077"},{"taxonomy":"product_cat","embeddable":true,"href":"https:\/\/ferramentaidraulicasavi.it\/index.php?rest_route=%2Fwp%2Fv2%2Fproduct_cat&post=205077"},{"taxonomy":"product_tag","embeddable":true,"href":"https:\/\/ferramentaidraulicasavi.it\/index.php?rest_route=%2Fwp%2Fv2%2Fproduct_tag&post=205077"}],"curies":[{"name":"wp","href":"https:\/\/api.w.org\/{rel}","templated":true}]}}