{"id":202806,"date":"2023-09-26T17:52:36","date_gmt":"2023-09-26T15:52:36","guid":{"rendered":"https:\/\/ferramentaidraulicasavi.it\/prodotto\/schiuma-poliuret-p-pistola-750-ml-bostik-art-d2698\/"},"modified":"2025-03-17T13:42:44","modified_gmt":"2025-03-17T12:42:44","slug":"schiuma-poliuret-p-pistola-750-ml-bostik-art-d2698","status":"publish","type":"product","link":"https:\/\/ferramentaidraulicasavi.it\/?product=schiuma-poliuret-p-pistola-750-ml-bostik-art-d2698","title":{"rendered":"SCHIUMA POLIURETANICA P\/PISTOLA 750 ml BOSTIK ART.D2698"},"content":{"rendered":"<p>Bostik Construct PU Universale<\/p>\n<p>Schiuma isolante poliuretanica universale auto espandente. Sigilla e riempie giunti efessure, verniciabile. Espande fino a 40\/45 litri. Resistenza al fuoco classe B3, secondo normativa DIN 4102.<\/p>\n<p>Per sigillare e riempire giunti, fughe, fenditure, buchi e fessure, ad esempio per pareti divisorie, telai di porte e finestre, tegole, camini, lucernai e passaggi di tubi, condotte, cavi e condutture elettriche. Isola da perdite di calore, freddo, correnti d\u2019aria, rumore e umidit\u00e0. Stabile su molti materiali per l&#8217;edilizia come legno, calcestruzzo, pietra, muratura, intonaco, metalli, vetro e molti materiali sintetici come schiuma di polistirolo (tempex), poliestere, PVC e schiuma poliuretanica indurita. Non indicato per applicazioni su foglio di polietilene, colla siliconica o PTFE.<\/p>\n<p>Propriet\u00e0:<br \/>\n-Ignifugo (classificazione B2)<br \/>\n-Grande potere riempitivo<br \/>\n-Elevata capacit\u00e0 isolante<br \/>\n-Estrema stabilit\u00e0 su molte superfici<br \/>\n-Applicabile in ambienti interni ed esterni<br \/>\n-Verniciabile<br \/>\n-Resistente ad acqua e molte sostanze chimiche<br \/>\n-Privo di CFC e HCFC (non danneggia l&#8217;ozono)<\/p>\n<p>Sigillo di qualit\u00e0\/Standards:<br \/>\nDIN 4102-1: Reazione al fuoco di materiali da costruzione, classificazione B3: infiammabile<\/p>\n<p>Preparazione<\/p>\n<p>Condizioni di utilizzo: Temperatura della bombola e dell&#8217;ambiente tra +5\u00b0C e +35\u00b0C (l\u2019ideale \u00e8 +15\u00b0C \/ +20\u00b0C).<\/p>\n<p>Protezione personale: Quando si utilizza il prodotto, indossare guanti, occhiali di sicurezza ed abbigliamento da lavoro e assicurarsi che ci sia una ventilazione adeguata.<\/p>\n<p>Trattamento preliminare delle superfici: Rimuovere polvere e grasso dalla superficie. \u00c8 preferibile inumidire le superfici asciutte, per ottimizzare il rendimento e l&#8217;adesione.<\/p>\n<p>Utensili: Pistola PU<\/p>\n<p>Applicazione<\/p>\n<p>Modalit\u00e0 di utilizzo: Scuotere bene la bombola prima di ogni utilizzo, almeno 20x. Tenere la bombola rivolta verso l&#8217;alto durante lo spruzzo. Riempire la fuga per il 65% circa, poi la schiuma si espande ulteriormente durante l&#8217;essiccazione. Per riempire grandi volumi, applicare la schiuma a strati e lasciare decantare completamente. Inumidire nuovamente tra ogni strato. Il prodotto una volta indurito pu\u00f2 essere tagliato, sagomato, verniciato ed eventualmente stuccato.<\/p>\n<p>Macchie\/Residui: Il prodotto ancora fresco pu\u00f2 essere rimosso con un detergente Bostik PU. Ad indurimento avvenuto, la rimozione \u00e8 solo meccanica.<\/p>\n<p>Consigli: In caso di utilizzo in ambienti esterni, si consiglia di sovraverniciare sempre la schiuma con uno strato protettivo.<\/p>\n<p>Punti di attenzione: Bostik PU Construct ha un&#8217;elevata capacit\u00e0 di espansione. Se necessario, fissare i materiali per evitare che si deformino.<\/p>\n<p>Tempi di essiccazione*<\/p>\n<p>Tempo pelle: ca. 8-12 minuti.<\/p>\n<p>Tempo di essiccamento: ca. 4 ore (per una passata di 30 mm, temperatura di 20\u00b0C e UR al 60%)<\/p>\n<p>*Il tempo di essiccazione pu\u00f2 variare per il tipo di superficie, per la quantit\u00e0 di prodotto utilizzata, per la temperatura dell&#8217;aria o per l&#8217;umidit\u00e0.<\/p>\n","protected":false},"excerpt":{"rendered":"<p>Bostik Construct PU Universale Schiuma isolante poliuretanica universale auto espandente. Sigilla e riempie giunti efessure, verniciabile. Espande fino a 40\/45 litri. Resistenza al fuoco classe B3, secondo normativa DIN 4102. Per sigillare e riempire giunti, fughe, fenditure, buchi e fessure, ad esempio per pareti divisorie, telai di porte e finestre, tegole, camini, lucernai e passaggi [&hellip;]<\/p>\n","protected":false},"featured_media":242081,"template":"","meta":{"ocean_post_layout":"","ocean_both_sidebars_style":"","ocean_both_sidebars_content_width":0,"ocean_both_sidebars_sidebars_width":0,"ocean_sidebar":"","ocean_second_sidebar":"","ocean_disable_margins":"enable","ocean_add_body_class":"","ocean_shortcode_before_top_bar":"","ocean_shortcode_after_top_bar":"","ocean_shortcode_before_header":"","ocean_shortcode_after_header":"","ocean_has_shortcode":"","ocean_shortcode_after_title":"","ocean_shortcode_before_footer_widgets":"","ocean_shortcode_after_footer_widgets":"","ocean_shortcode_before_footer_bottom":"","ocean_shortcode_after_footer_bottom":"","ocean_display_top_bar":"default","ocean_display_header":"default","ocean_header_style":"","ocean_center_header_left_menu":"","ocean_custom_header_template":"","ocean_custom_logo":0,"ocean_custom_retina_logo":0,"ocean_custom_logo_max_width":0,"ocean_custom_logo_tablet_max_width":0,"ocean_custom_logo_mobile_max_width":0,"ocean_custom_logo_max_height":0,"ocean_custom_logo_tablet_max_height":0,"ocean_custom_logo_mobile_max_height":0,"ocean_header_custom_menu":"","ocean_menu_typo_font_family":"","ocean_menu_typo_font_subset":"","ocean_menu_typo_font_size":0,"ocean_menu_typo_font_size_tablet":0,"ocean_menu_typo_font_size_mobile":0,"ocean_menu_typo_font_size_unit":"px","ocean_menu_typo_font_weight":"","ocean_menu_typo_font_weight_tablet":"","ocean_menu_typo_font_weight_mobile":"","ocean_menu_typo_transform":"","ocean_menu_typo_transform_tablet":"","ocean_menu_typo_transform_mobile":"","ocean_menu_typo_line_height":0,"ocean_menu_typo_line_height_tablet":0,"ocean_menu_typo_line_height_mobile":0,"ocean_menu_typo_line_height_unit":"","ocean_menu_typo_spacing":0,"ocean_menu_typo_spacing_tablet":0,"ocean_menu_typo_spacing_mobile":0,"ocean_menu_typo_spacing_unit":"","ocean_menu_link_color":"","ocean_menu_link_color_hover":"","ocean_menu_link_color_active":"","ocean_menu_link_background":"","ocean_menu_link_hover_background":"","ocean_menu_link_active_background":"","ocean_menu_social_links_bg":"","ocean_menu_social_hover_links_bg":"","ocean_menu_social_links_color":"","ocean_menu_social_hover_links_color":"","ocean_disable_title":"default","ocean_disable_heading":"default","ocean_post_title":"","ocean_post_subheading":"","ocean_post_title_style":"","ocean_post_title_background_color":"","ocean_post_title_background":0,"ocean_post_title_bg_image_position":"","ocean_post_title_bg_image_attachment":"","ocean_post_title_bg_image_repeat":"","ocean_post_title_bg_image_size":"","ocean_post_title_height":0,"ocean_post_title_bg_overlay":0.5,"ocean_post_title_bg_overlay_color":"","ocean_disable_breadcrumbs":"default","ocean_breadcrumbs_color":"","ocean_breadcrumbs_separator_color":"","ocean_breadcrumbs_links_color":"","ocean_breadcrumbs_links_hover_color":"","ocean_display_footer_widgets":"default","ocean_display_footer_bottom":"default","ocean_custom_footer_template":""},"product_brand":[],"product_cat":[316,311],"product_tag":[],"class_list":{"0":"post-202806","1":"product","2":"type-product","3":"status-publish","4":"has-post-thumbnail","6":"product_cat-colle-siliconi-e-access","7":"product_cat-ferramenta","9":"entry","10":"has-media","12":"first","13":"instock","14":"taxable","15":"shipping-taxable","16":"purchasable","17":"product-type-simple","18":"has-product-nav","19":"col","20":"span_1_of_4","21":"owp-content-center","22":"item-entry","23":"owp-thumbs-layout-horizontal","24":"owp-btn-normal","25":"owp-tabs-layout-horizontal","26":"has-no-thumbnails"},"_links":{"self":[{"href":"https:\/\/ferramentaidraulicasavi.it\/index.php?rest_route=\/wp\/v2\/product\/202806","targetHints":{"allow":["GET"]}}],"collection":[{"href":"https:\/\/ferramentaidraulicasavi.it\/index.php?rest_route=\/wp\/v2\/product"}],"about":[{"href":"https:\/\/ferramentaidraulicasavi.it\/index.php?rest_route=\/wp\/v2\/types\/product"}],"version-history":[{"count":0,"href":"https:\/\/ferramentaidraulicasavi.it\/index.php?rest_route=\/wp\/v2\/product\/202806\/revisions"}],"wp:featuredmedia":[{"embeddable":true,"href":"https:\/\/ferramentaidraulicasavi.it\/index.php?rest_route=\/wp\/v2\/media\/242081"}],"wp:attachment":[{"href":"https:\/\/ferramentaidraulicasavi.it\/index.php?rest_route=%2Fwp%2Fv2%2Fmedia&parent=202806"}],"wp:term":[{"taxonomy":"product_brand","embeddable":true,"href":"https:\/\/ferramentaidraulicasavi.it\/index.php?rest_route=%2Fwp%2Fv2%2Fproduct_brand&post=202806"},{"taxonomy":"product_cat","embeddable":true,"href":"https:\/\/ferramentaidraulicasavi.it\/index.php?rest_route=%2Fwp%2Fv2%2Fproduct_cat&post=202806"},{"taxonomy":"product_tag","embeddable":true,"href":"https:\/\/ferramentaidraulicasavi.it\/index.php?rest_route=%2Fwp%2Fv2%2Fproduct_tag&post=202806"}],"curies":[{"name":"wp","href":"https:\/\/api.w.org\/{rel}","templated":true}]}}