{"id":202805,"date":"2023-09-26T17:52:35","date_gmt":"2023-09-26T15:52:35","guid":{"rendered":"https:\/\/ferramentaidraulicasavi.it\/prodotto\/schiuma-poliuret-alta-temperatura-750-ml-fischer-pu-fs\/"},"modified":"2025-03-17T13:42:42","modified_gmt":"2025-03-17T12:42:42","slug":"schiuma-poliuret-alta-temperatura-750-ml-fischer-pu-fs","status":"publish","type":"product","link":"https:\/\/ferramentaidraulicasavi.it\/?product=schiuma-poliuret-alta-temperatura-750-ml-fischer-pu-fs","title":{"rendered":"SCHIUMA POLIURETANICA MANUALE ALTA TEMPERATURA 750 ml FISCHER PU FS"},"content":{"rendered":"<p>PU FS 750<br \/>\nSchiuma poliuretanica monocomponente per applicazioni antifuoco, testata EI 240<\/p>\n<p>PU FS 750 \u00e8 la schiuma antifuoco in poliuretano di Fischer che pu\u00f2 essere utilizzata per le operazioni di sigillatura in cui viene richiesta un&#8217;elevata resistenza al fuoco. \u00c8 conforme infatti alla norma EN 13501:2-2016 e si caratterizza per una resistenza al fuoco di 240 minuti (EI240).<br \/>\nPu\u00f2 essere rapidamente applicata sia per sigillare giunti lineari, orizzontali che verticali. Oltre a essere antifuoco, la schiuma ha eccellenti propriet\u00e0 di isolamento acustico e termico.<br \/>\nDotata di buona stabilit\u00e0 dimensionale, aderisce in maniera eccellente per applicazioni su calcestruzzo, anodizzati, muratura, metalli, legno, lastre in cartongesso, plastiche e pietra. Viene generalmente utilizzata come riempimento e sigillatura per telai di porte e finestre soggette a rischio incendio, per attraversamenti impiantistici, per il riempimento e fissaggio degli impianti elettrici in traccia e per il ripristino di pareti e pavimenti resistenti al fuoco.<br \/>\nUna volta essiccata la schiuma PU FS 750 pu\u00f2 essere facilmente modellata, segata, tagliata o limata, per essere poi intonacata e verniciata.<\/p>\n<p>Caratteristiche principali:<br \/>\n-Resistente al fuoco 240 minuti (EI 240) &#8211; EN 13501-2:2016<br \/>\n-Buone propriet\u00e0 di adesione e stabilit\u00e0 dimensionale<br \/>\n-Ideale per sigillare giunti in cui \u00e8 richiesta resistenza al fuoco<br \/>\n-La schiuma indurita si presta facilmente ad essere lavorata<br \/>\n-Non contiene CFC e H-CFC<\/p>\n<p>Applicazioni:<br \/>\nRiempimento con isolamento termo-acustico di attraversamenti impiantistici soggetti a rischio incendio<\/p>\n<p>Materiali di supporto:<br \/>\nAderisce su tutti i materiali standard da costruzione come:<\/p>\n<p>Calcestruzzo<br \/>\nElementi anodizzati<br \/>\nMuratura<br \/>\nMetalli<br \/>\nLegno<br \/>\nLastre in cartongesso<br \/>\nPlastiche (non su PE, PP, Teflon, silicone)<br \/>\nPietra<\/p>\n","protected":false},"excerpt":{"rendered":"<p>PU FS 750 Schiuma poliuretanica monocomponente per applicazioni antifuoco, testata EI 240 PU FS 750 \u00e8 la schiuma antifuoco in poliuretano di Fischer che pu\u00f2 essere utilizzata per le operazioni di sigillatura in cui viene richiesta un&#8217;elevata resistenza al fuoco. \u00c8 conforme infatti alla norma EN 13501:2-2016 e si caratterizza per una resistenza al fuoco [&hellip;]<\/p>\n","protected":false},"featured_media":242078,"template":"","meta":{"ocean_post_layout":"","ocean_both_sidebars_style":"","ocean_both_sidebars_content_width":0,"ocean_both_sidebars_sidebars_width":0,"ocean_sidebar":"","ocean_second_sidebar":"","ocean_disable_margins":"enable","ocean_add_body_class":"","ocean_shortcode_before_top_bar":"","ocean_shortcode_after_top_bar":"","ocean_shortcode_before_header":"","ocean_shortcode_after_header":"","ocean_has_shortcode":"","ocean_shortcode_after_title":"","ocean_shortcode_before_footer_widgets":"","ocean_shortcode_after_footer_widgets":"","ocean_shortcode_before_footer_bottom":"","ocean_shortcode_after_footer_bottom":"","ocean_display_top_bar":"default","ocean_display_header":"default","ocean_header_style":"","ocean_center_header_left_menu":"","ocean_custom_header_template":"","ocean_custom_logo":0,"ocean_custom_retina_logo":0,"ocean_custom_logo_max_width":0,"ocean_custom_logo_tablet_max_width":0,"ocean_custom_logo_mobile_max_width":0,"ocean_custom_logo_max_height":0,"ocean_custom_logo_tablet_max_height":0,"ocean_custom_logo_mobile_max_height":0,"ocean_header_custom_menu":"","ocean_menu_typo_font_family":"","ocean_menu_typo_font_subset":"","ocean_menu_typo_font_size":0,"ocean_menu_typo_font_size_tablet":0,"ocean_menu_typo_font_size_mobile":0,"ocean_menu_typo_font_size_unit":"px","ocean_menu_typo_font_weight":"","ocean_menu_typo_font_weight_tablet":"","ocean_menu_typo_font_weight_mobile":"","ocean_menu_typo_transform":"","ocean_menu_typo_transform_tablet":"","ocean_menu_typo_transform_mobile":"","ocean_menu_typo_line_height":0,"ocean_menu_typo_line_height_tablet":0,"ocean_menu_typo_line_height_mobile":0,"ocean_menu_typo_line_height_unit":"","ocean_menu_typo_spacing":0,"ocean_menu_typo_spacing_tablet":0,"ocean_menu_typo_spacing_mobile":0,"ocean_menu_typo_spacing_unit":"","ocean_menu_link_color":"","ocean_menu_link_color_hover":"","ocean_menu_link_color_active":"","ocean_menu_link_background":"","ocean_menu_link_hover_background":"","ocean_menu_link_active_background":"","ocean_menu_social_links_bg":"","ocean_menu_social_hover_links_bg":"","ocean_menu_social_links_color":"","ocean_menu_social_hover_links_color":"","ocean_disable_title":"default","ocean_disable_heading":"default","ocean_post_title":"","ocean_post_subheading":"","ocean_post_title_style":"","ocean_post_title_background_color":"","ocean_post_title_background":0,"ocean_post_title_bg_image_position":"","ocean_post_title_bg_image_attachment":"","ocean_post_title_bg_image_repeat":"","ocean_post_title_bg_image_size":"","ocean_post_title_height":0,"ocean_post_title_bg_overlay":0.5,"ocean_post_title_bg_overlay_color":"","ocean_disable_breadcrumbs":"default","ocean_breadcrumbs_color":"","ocean_breadcrumbs_separator_color":"","ocean_breadcrumbs_links_color":"","ocean_breadcrumbs_links_hover_color":"","ocean_display_footer_widgets":"default","ocean_display_footer_bottom":"default","ocean_custom_footer_template":""},"product_brand":[],"product_cat":[316,311],"product_tag":[],"class_list":{"0":"post-202805","1":"product","2":"type-product","3":"status-publish","4":"has-post-thumbnail","6":"product_cat-colle-siliconi-e-access","7":"product_cat-ferramenta","9":"entry","10":"has-media","12":"first","13":"instock","14":"taxable","15":"shipping-taxable","16":"purchasable","17":"product-type-simple","18":"has-product-nav","19":"col","20":"span_1_of_4","21":"owp-content-center","22":"item-entry","23":"owp-thumbs-layout-horizontal","24":"owp-btn-normal","25":"owp-tabs-layout-horizontal","26":"has-no-thumbnails"},"_links":{"self":[{"href":"https:\/\/ferramentaidraulicasavi.it\/index.php?rest_route=\/wp\/v2\/product\/202805","targetHints":{"allow":["GET"]}}],"collection":[{"href":"https:\/\/ferramentaidraulicasavi.it\/index.php?rest_route=\/wp\/v2\/product"}],"about":[{"href":"https:\/\/ferramentaidraulicasavi.it\/index.php?rest_route=\/wp\/v2\/types\/product"}],"version-history":[{"count":0,"href":"https:\/\/ferramentaidraulicasavi.it\/index.php?rest_route=\/wp\/v2\/product\/202805\/revisions"}],"wp:featuredmedia":[{"embeddable":true,"href":"https:\/\/ferramentaidraulicasavi.it\/index.php?rest_route=\/wp\/v2\/media\/242078"}],"wp:attachment":[{"href":"https:\/\/ferramentaidraulicasavi.it\/index.php?rest_route=%2Fwp%2Fv2%2Fmedia&parent=202805"}],"wp:term":[{"taxonomy":"product_brand","embeddable":true,"href":"https:\/\/ferramentaidraulicasavi.it\/index.php?rest_route=%2Fwp%2Fv2%2Fproduct_brand&post=202805"},{"taxonomy":"product_cat","embeddable":true,"href":"https:\/\/ferramentaidraulicasavi.it\/index.php?rest_route=%2Fwp%2Fv2%2Fproduct_cat&post=202805"},{"taxonomy":"product_tag","embeddable":true,"href":"https:\/\/ferramentaidraulicasavi.it\/index.php?rest_route=%2Fwp%2Fv2%2Fproduct_tag&post=202805"}],"curies":[{"name":"wp","href":"https:\/\/api.w.org\/{rel}","templated":true}]}}