{"id":202672,"date":"2023-09-26T17:51:45","date_gmt":"2023-09-26T15:51:45","guid":{"rendered":"https:\/\/ferramentaidraulicasavi.it\/prodotto\/scaldacqua-elettr-perlina-30-lt-sopralavello-30-2-eu\/"},"modified":"2025-03-17T13:41:29","modified_gmt":"2025-03-17T12:41:29","slug":"scaldacqua-elettr-perlina-30-lt-sopralavello-30-2-eu","status":"publish","type":"product","link":"https:\/\/ferramentaidraulicasavi.it\/?product=scaldacqua-elettr-perlina-30-lt-sopralavello-30-2-eu","title":{"rendered":"SCALDACQUA ELETTR PERLINA 30 lt SOPRALAVELLO 30\/2 EU"},"content":{"rendered":"<p>SCALDACQUA SCALDABAGNO<\/p>\n<p>Lo Scaldabagno Elettrico Radi PERLINA 30\/2 EU SOPRALAVELLO 30 LT GARANZIA 2 ANNI come ogni prodotto dell\u2019azienda Radi \u00e8 ideato per soddisfare tutte le esigenze dei clienti ed \u00e8 caratterizzato da una grande qualit\u00e0 e garanzia, in modo da poter assicurare un comfort pi\u00f9 duraturo nel tempo. L\u2019azienda Radi come molte altre aziende, \u00e8 attenta alla salvaguardia dell\u2019ambiente. Le nuove tecnologie permettono di ottenere dei prodotti, che garantiscono il massimo del comfort con minori consumi, tutelando sempre il nostro ambiente.<\/p>\n<p>SCALDABAGNO ELETTRICO RADI PERLINA 30\/2 EU SOPRALAVELLO 30 LT GARANZIA 2 ANNI: garanzia e qualit\u00e0!<\/p>\n<p>Gli scaldacqua elettrici Radi sono associati alla linea di prodotti eco-compatibili ad alta efficienza energetica dell\u2019azienda. Infatti, il materiale utilizzato per la coibentazione dei prodotti \u00e8 la schiuma di poliuretano espanso, che \u00e8 priva dei gas responsabili dell\u2019effetto serra. La molteplicit\u00e0 delle esigenze personali dei clienti, ha spinto l\u2019azienda Radi ha realizzare una vasta gamma di prodotti in grado di soddisfare tutte le richieste quotidiane. Lo spessore e la densit\u00e0 del materiale della schiuma isolante che costituisce lo scaldino elettrico Radi Perlina consente di trattenere il calore per un lungo periodo. Inoltre, le elevate dimensioni dell\u2019anodo di magnesio, riducono il rischio di perforazione della caldaia. La smaltatura al titanio invece rende le superfici dello Scaldabagno Elettrico Radi PERLINA 30\/2 EU SOPRALAVELLO 30 LT GARANZIA 2 ANNI pi\u00f9 resistenti. Inoltre, \u00e8 dotato di termostato con sistema TBS per garantire maggiori prestazioni ed \u00e8 presente la spia di funzionamento.<\/p>\n<p>MARCA: RADI BY ARISTON<br \/>\nCLASSE ENERGETICA: C<br \/>\nGARANZIA: 2 ANNI<br \/>\nSERIE SCALDABAGNO: PERLINA<br \/>\nINSTALLAZIONE: SOPRALAVELLO<br \/>\nLITRI: 30<br \/>\nALIMENTAZIONE: ELETTRICA<\/p>\n<p>Capacit\u00e0: 30 Lt<br \/>\nClasse enrgetica: C<br \/>\nPotenza (W): 1500<br \/>\nVoltaggio (V): 230<br \/>\nTempo di riscaldamento (?t=45\u00b0C): 1\/10 h\/min<br \/>\nPressione esercizio: 8 bar<br \/>\nDimensioni (LxAxP): 44,7&#215;44,7&#215;39,2 cm<br \/>\nPeso: Kg 12,8<br \/>\nGaranzia 2 anni<\/p>\n","protected":false},"excerpt":{"rendered":"<p>SCALDACQUA SCALDABAGNO Lo Scaldabagno Elettrico Radi PERLINA 30\/2 EU SOPRALAVELLO 30 LT GARANZIA 2 ANNI come ogni prodotto dell\u2019azienda Radi \u00e8 ideato per soddisfare tutte le esigenze dei clienti ed \u00e8 caratterizzato da una grande qualit\u00e0 e garanzia, in modo da poter assicurare un comfort pi\u00f9 duraturo nel tempo. L\u2019azienda Radi come molte altre aziende, [&hellip;]<\/p>\n","protected":false},"featured_media":241913,"template":"","meta":{"ocean_post_layout":"","ocean_both_sidebars_style":"","ocean_both_sidebars_content_width":0,"ocean_both_sidebars_sidebars_width":0,"ocean_sidebar":"","ocean_second_sidebar":"","ocean_disable_margins":"enable","ocean_add_body_class":"","ocean_shortcode_before_top_bar":"","ocean_shortcode_after_top_bar":"","ocean_shortcode_before_header":"","ocean_shortcode_after_header":"","ocean_has_shortcode":"","ocean_shortcode_after_title":"","ocean_shortcode_before_footer_widgets":"","ocean_shortcode_after_footer_widgets":"","ocean_shortcode_before_footer_bottom":"","ocean_shortcode_after_footer_bottom":"","ocean_display_top_bar":"default","ocean_display_header":"default","ocean_header_style":"","ocean_center_header_left_menu":"","ocean_custom_header_template":"","ocean_custom_logo":0,"ocean_custom_retina_logo":0,"ocean_custom_logo_max_width":0,"ocean_custom_logo_tablet_max_width":0,"ocean_custom_logo_mobile_max_width":0,"ocean_custom_logo_max_height":0,"ocean_custom_logo_tablet_max_height":0,"ocean_custom_logo_mobile_max_height":0,"ocean_header_custom_menu":"","ocean_menu_typo_font_family":"","ocean_menu_typo_font_subset":"","ocean_menu_typo_font_size":0,"ocean_menu_typo_font_size_tablet":0,"ocean_menu_typo_font_size_mobile":0,"ocean_menu_typo_font_size_unit":"px","ocean_menu_typo_font_weight":"","ocean_menu_typo_font_weight_tablet":"","ocean_menu_typo_font_weight_mobile":"","ocean_menu_typo_transform":"","ocean_menu_typo_transform_tablet":"","ocean_menu_typo_transform_mobile":"","ocean_menu_typo_line_height":0,"ocean_menu_typo_line_height_tablet":0,"ocean_menu_typo_line_height_mobile":0,"ocean_menu_typo_line_height_unit":"","ocean_menu_typo_spacing":0,"ocean_menu_typo_spacing_tablet":0,"ocean_menu_typo_spacing_mobile":0,"ocean_menu_typo_spacing_unit":"","ocean_menu_link_color":"","ocean_menu_link_color_hover":"","ocean_menu_link_color_active":"","ocean_menu_link_background":"","ocean_menu_link_hover_background":"","ocean_menu_link_active_background":"","ocean_menu_social_links_bg":"","ocean_menu_social_hover_links_bg":"","ocean_menu_social_links_color":"","ocean_menu_social_hover_links_color":"","ocean_disable_title":"default","ocean_disable_heading":"default","ocean_post_title":"","ocean_post_subheading":"","ocean_post_title_style":"","ocean_post_title_background_color":"","ocean_post_title_background":0,"ocean_post_title_bg_image_position":"","ocean_post_title_bg_image_attachment":"","ocean_post_title_bg_image_repeat":"","ocean_post_title_bg_image_size":"","ocean_post_title_height":0,"ocean_post_title_bg_overlay":0.5,"ocean_post_title_bg_overlay_color":"","ocean_disable_breadcrumbs":"default","ocean_breadcrumbs_color":"","ocean_breadcrumbs_separator_color":"","ocean_breadcrumbs_links_color":"","ocean_breadcrumbs_links_hover_color":"","ocean_display_footer_widgets":"default","ocean_display_footer_bottom":"default","ocean_custom_footer_template":""},"product_brand":[],"product_cat":[342,369],"product_tag":[],"class_list":{"0":"post-202672","1":"product","2":"type-product","3":"status-publish","4":"has-post-thumbnail","6":"product_cat-idraulica","7":"product_cat-scaldacqua-elettrici","9":"entry","10":"has-media","12":"first","13":"instock","14":"taxable","15":"shipping-taxable","16":"purchasable","17":"product-type-simple","18":"has-product-nav","19":"col","20":"span_1_of_4","21":"owp-content-center","22":"item-entry","23":"owp-thumbs-layout-horizontal","24":"owp-btn-normal","25":"owp-tabs-layout-horizontal","26":"has-no-thumbnails"},"_links":{"self":[{"href":"https:\/\/ferramentaidraulicasavi.it\/index.php?rest_route=\/wp\/v2\/product\/202672","targetHints":{"allow":["GET"]}}],"collection":[{"href":"https:\/\/ferramentaidraulicasavi.it\/index.php?rest_route=\/wp\/v2\/product"}],"about":[{"href":"https:\/\/ferramentaidraulicasavi.it\/index.php?rest_route=\/wp\/v2\/types\/product"}],"version-history":[{"count":0,"href":"https:\/\/ferramentaidraulicasavi.it\/index.php?rest_route=\/wp\/v2\/product\/202672\/revisions"}],"wp:featuredmedia":[{"embeddable":true,"href":"https:\/\/ferramentaidraulicasavi.it\/index.php?rest_route=\/wp\/v2\/media\/241913"}],"wp:attachment":[{"href":"https:\/\/ferramentaidraulicasavi.it\/index.php?rest_route=%2Fwp%2Fv2%2Fmedia&parent=202672"}],"wp:term":[{"taxonomy":"product_brand","embeddable":true,"href":"https:\/\/ferramentaidraulicasavi.it\/index.php?rest_route=%2Fwp%2Fv2%2Fproduct_brand&post=202672"},{"taxonomy":"product_cat","embeddable":true,"href":"https:\/\/ferramentaidraulicasavi.it\/index.php?rest_route=%2Fwp%2Fv2%2Fproduct_cat&post=202672"},{"taxonomy":"product_tag","embeddable":true,"href":"https:\/\/ferramentaidraulicasavi.it\/index.php?rest_route=%2Fwp%2Fv2%2Fproduct_tag&post=202672"}],"curies":[{"name":"wp","href":"https:\/\/api.w.org\/{rel}","templated":true}]}}