{"id":200995,"date":"2023-09-26T17:00:08","date_gmt":"2023-09-26T15:00:08","guid":{"rendered":"https:\/\/ferramentaidraulicasavi.it\/prodotto\/radiocomando-vergine-superior-multi-key-433-92-868-cod-fisso\/"},"modified":"2025-09-18T09:20:30","modified_gmt":"2025-09-18T07:20:30","slug":"radiocomando-vergine-superior-multi-key-433-92-868-cod-fisso","status":"publish","type":"product","link":"https:\/\/ferramentaidraulicasavi.it\/?product=radiocomando-vergine-superior-multi-key-433-92-868-cod-fisso","title":{"rendered":"RADIOCOMANDO VERGINE SUPERIOR MULTI-KEY 433.92\/868 COD. FISSO"},"content":{"rendered":"<p>RADIOCOMANDO MULTIFREQUENZA<br \/>\n280\/868 MHZ<br \/>\nSOLO CODICE FISSO<br \/>\n4 CANALI<br \/>\nBATTERIE PILE INCLUSE: CR2016<\/p>\n<p>Radiocomando multifrequenza universale da 280 a 868mhz autoapprendente per cancelli<br \/>\npossibilit\u00e0 di programmare fino a 4 dispositivi di 4 frequenze differenti<br \/>\nla programmazione \u00e8 semplice e veloce<br \/>\nmassima compatibilit\u00e0 (frequenze disponibili nella scheda tecnica).<br \/>\ncontrolla fino a quattro dispositivi<br \/>\ntasti ampi per una maggior comodit\u00e0<br \/>\npratico portachiavi<\/p>\n<p>Questo radiocomando \u00e8 in grado di copiare qualsiasi radiocomando funzionante con frequenza di: \u2022 280 \u2013 360 MHz \u2022 288 MHz \u2022 300 MHz \u2022 303 MHz \u2022 303.825 MHz \u2022 306 MHz \u2022 310 MHz \u2022 318 MHz \u2022 385 \u2013 400 MHz \u2022 390 MHz \u2022 403.55 MHz \u2022 418 MHz \u2022 433.92 MHz \u2022 868.1 \u2013 869.3 MHz dispositivi di 4 frequenze differenti. Ad esempio: \u2022 Tasto 1: FAAC \u2013 315 MHz \u2022 Tasto 2: Multicode \u2013 310\/315 MHz \u2022 Tasto 3: Hormann \u2013 433.92\/868.3 MHz \u2022 Tasto 4: Marantec \u2013 330\/433.92 MHz<\/p>\n","protected":false},"excerpt":{"rendered":"<p>RADIOCOMANDO MULTIFREQUENZA 280\/868 MHZ SOLO CODICE FISSO 4 CANALI BATTERIE PILE INCLUSE: CR2016 Radiocomando multifrequenza universale da 280 a 868mhz autoapprendente per cancelli possibilit\u00e0 di programmare fino a 4 dispositivi di 4 frequenze differenti la programmazione \u00e8 semplice e veloce massima compatibilit\u00e0 (frequenze disponibili nella scheda tecnica). controlla fino a quattro dispositivi tasti ampi per [&hellip;]<\/p>\n","protected":false},"featured_media":241205,"template":"","meta":{"ocean_post_layout":"","ocean_both_sidebars_style":"","ocean_both_sidebars_content_width":0,"ocean_both_sidebars_sidebars_width":0,"ocean_sidebar":"","ocean_second_sidebar":"","ocean_disable_margins":"enable","ocean_add_body_class":"","ocean_shortcode_before_top_bar":"","ocean_shortcode_after_top_bar":"","ocean_shortcode_before_header":"","ocean_shortcode_after_header":"","ocean_has_shortcode":"","ocean_shortcode_after_title":"","ocean_shortcode_before_footer_widgets":"","ocean_shortcode_after_footer_widgets":"","ocean_shortcode_before_footer_bottom":"","ocean_shortcode_after_footer_bottom":"","ocean_display_top_bar":"default","ocean_display_header":"default","ocean_header_style":"","ocean_center_header_left_menu":"","ocean_custom_header_template":"","ocean_custom_logo":0,"ocean_custom_retina_logo":0,"ocean_custom_logo_max_width":0,"ocean_custom_logo_tablet_max_width":0,"ocean_custom_logo_mobile_max_width":0,"ocean_custom_logo_max_height":0,"ocean_custom_logo_tablet_max_height":0,"ocean_custom_logo_mobile_max_height":0,"ocean_header_custom_menu":"","ocean_menu_typo_font_family":"","ocean_menu_typo_font_subset":"","ocean_menu_typo_font_size":0,"ocean_menu_typo_font_size_tablet":0,"ocean_menu_typo_font_size_mobile":0,"ocean_menu_typo_font_size_unit":"px","ocean_menu_typo_font_weight":"","ocean_menu_typo_font_weight_tablet":"","ocean_menu_typo_font_weight_mobile":"","ocean_menu_typo_transform":"","ocean_menu_typo_transform_tablet":"","ocean_menu_typo_transform_mobile":"","ocean_menu_typo_line_height":0,"ocean_menu_typo_line_height_tablet":0,"ocean_menu_typo_line_height_mobile":0,"ocean_menu_typo_line_height_unit":"","ocean_menu_typo_spacing":0,"ocean_menu_typo_spacing_tablet":0,"ocean_menu_typo_spacing_mobile":0,"ocean_menu_typo_spacing_unit":"","ocean_menu_link_color":"","ocean_menu_link_color_hover":"","ocean_menu_link_color_active":"","ocean_menu_link_background":"","ocean_menu_link_hover_background":"","ocean_menu_link_active_background":"","ocean_menu_social_links_bg":"","ocean_menu_social_hover_links_bg":"","ocean_menu_social_links_color":"","ocean_menu_social_hover_links_color":"","ocean_disable_title":"default","ocean_disable_heading":"default","ocean_post_title":"","ocean_post_subheading":"","ocean_post_title_style":"","ocean_post_title_background_color":"","ocean_post_title_background":0,"ocean_post_title_bg_image_position":"","ocean_post_title_bg_image_attachment":"","ocean_post_title_bg_image_repeat":"","ocean_post_title_bg_image_size":"","ocean_post_title_height":0,"ocean_post_title_bg_overlay":0.5,"ocean_post_title_bg_overlay_color":"","ocean_disable_breadcrumbs":"default","ocean_breadcrumbs_color":"","ocean_breadcrumbs_separator_color":"","ocean_breadcrumbs_links_color":"","ocean_breadcrumbs_links_hover_color":"","ocean_display_footer_widgets":"default","ocean_display_footer_bottom":"default","ocean_custom_footer_template":""},"product_brand":[],"product_cat":[294,309],"product_tag":[],"class_list":{"0":"post-200995","1":"product","2":"type-product","3":"status-publish","4":"has-post-thumbnail","6":"product_cat-elettricita","7":"product_cat-radiocomandi","9":"entry","10":"has-media","12":"first","13":"outofstock","14":"taxable","15":"shipping-taxable","16":"product-type-simple","17":"has-product-nav","18":"col","19":"span_1_of_4","20":"owp-content-center","21":"item-entry","22":"owp-thumbs-layout-horizontal","23":"owp-btn-normal","24":"owp-tabs-layout-horizontal","25":"has-no-thumbnails"},"_links":{"self":[{"href":"https:\/\/ferramentaidraulicasavi.it\/index.php?rest_route=\/wp\/v2\/product\/200995","targetHints":{"allow":["GET"]}}],"collection":[{"href":"https:\/\/ferramentaidraulicasavi.it\/index.php?rest_route=\/wp\/v2\/product"}],"about":[{"href":"https:\/\/ferramentaidraulicasavi.it\/index.php?rest_route=\/wp\/v2\/types\/product"}],"version-history":[{"count":0,"href":"https:\/\/ferramentaidraulicasavi.it\/index.php?rest_route=\/wp\/v2\/product\/200995\/revisions"}],"wp:featuredmedia":[{"embeddable":true,"href":"https:\/\/ferramentaidraulicasavi.it\/index.php?rest_route=\/wp\/v2\/media\/241205"}],"wp:attachment":[{"href":"https:\/\/ferramentaidraulicasavi.it\/index.php?rest_route=%2Fwp%2Fv2%2Fmedia&parent=200995"}],"wp:term":[{"taxonomy":"product_brand","embeddable":true,"href":"https:\/\/ferramentaidraulicasavi.it\/index.php?rest_route=%2Fwp%2Fv2%2Fproduct_brand&post=200995"},{"taxonomy":"product_cat","embeddable":true,"href":"https:\/\/ferramentaidraulicasavi.it\/index.php?rest_route=%2Fwp%2Fv2%2Fproduct_cat&post=200995"},{"taxonomy":"product_tag","embeddable":true,"href":"https:\/\/ferramentaidraulicasavi.it\/index.php?rest_route=%2Fwp%2Fv2%2Fproduct_tag&post=200995"}],"curies":[{"name":"wp","href":"https:\/\/api.w.org\/{rel}","templated":true}]}}