{"id":198998,"date":"2023-09-26T16:08:44","date_gmt":"2023-09-26T14:08:44","guid":{"rendered":"https:\/\/ferramentaidraulicasavi.it\/prodotto\/pinza-prenditutto-flessibile-600-mm-langray\/"},"modified":"2025-03-17T13:23:51","modified_gmt":"2025-03-17T12:23:51","slug":"pinza-prenditutto-flessibile-600-mm-langray","status":"publish","type":"product","link":"https:\/\/ferramentaidraulicasavi.it\/?product=pinza-prenditutto-flessibile-600-mm-langray","title":{"rendered":"PINZA PRENDITUTTO FLESSIBILE 600 mm LANGRAY"},"content":{"rendered":"<p>Artiglio da presa flessibile 600 mm<br \/>\nStrumento da Raccolta una molle. Albero di 600 millimetri Completamente Flessibile per l&#8217;acceso a ristrette Aree. MECCANISMO a molla e 4 forti ganci metallici.<br \/>\nDimensioni prodotto : 0.36 x 12 x 3 cm; 40 grammi<\/p>\n<p>SCARICA SERPENTE &#8211; Entra in profondit\u00e0 nelle fogne per eliminare ostruzioni e detriti. Perfetto per pulire bagni, cucine, lavelli, vasche e tubi di dragaggio, fognature, fognature e altre aree spesso intasate.<\/p>\n<p>MATERIALI IN PP &#8211; Materiali in acciaio inossidabile PP con buona tenacit\u00e0, c&#8217;\u00e8 un artiglio che pu\u00f2 bloccare saldamente i capelli e altri blocchi. Vai in profondit\u00e0 negli scarichi per eliminare zoccoli e detriti.<\/p>\n<p>NESSUN DANNO &#8211; La superficie dell&#8217;aspirapolvere \u00e8 stata lucidata in modo che il tubo non venga danneggiato. Manico in PP, facile da impugnare e pizzicare. Con l&#8217;aiuto di loro, svolgi le faccende domestiche senza sporcarti le mani.<\/p>\n<p>PROTEZIONE AMBIENTALE &#8211; Molto pi\u00f9 economico dei detergenti per scarichi chimici e apriscatole 100% ecologico per te e l&#8217;ambiente, niente pi\u00f9 fumi tossici nella tua casa. Pulisci facilmente le fogne, i servizi igienici, il lavandino, la vasca da bagno.<\/p>\n<p>FACILE DA USARE &#8211; \u00c8 molto comodo per gli utenti afferrare facilmente il blocco solo premendo la parte superiore della maniglia della spogliarellista. La rete ondulata \u00e8 morbida ed elastica, puoi scaricare i residui tirando delicatamente.<\/p>\n<p>Caratteristica:<br \/>\nStrumento di raccolta molto utile per tutti i tipi di usi. Perfetto per afferrare viti o bulloni caduti, rimuovere piccole parti da aree ristrette, ecc.<\/p>\n<p>Lo strumento ad artiglio raccoglie parti magnetiche e non magnetiche.<br \/>\nSemplice azione a due dita. Tiralo per rivelare e apri gli artigli, rilascialo per afferrare la moneta.<br \/>\nQuattro potenti artigli d&#8217;azione per la presa.<br \/>\nControllato da una maniglia a molla.<br \/>\nPulisci facilmente le fogne, i servizi igienici, il lavandino, la vasca da bagno.<\/p>\n","protected":false},"excerpt":{"rendered":"<p>Artiglio da presa flessibile 600 mm Strumento da Raccolta una molle. Albero di 600 millimetri Completamente Flessibile per l&#8217;acceso a ristrette Aree. MECCANISMO a molla e 4 forti ganci metallici. Dimensioni prodotto : 0.36 x 12 x 3 cm; 40 grammi SCARICA SERPENTE &#8211; Entra in profondit\u00e0 nelle fogne per eliminare ostruzioni e detriti. Perfetto [&hellip;]<\/p>\n","protected":false},"featured_media":240158,"template":"","meta":{"ocean_post_layout":"","ocean_both_sidebars_style":"","ocean_both_sidebars_content_width":0,"ocean_both_sidebars_sidebars_width":0,"ocean_sidebar":"","ocean_second_sidebar":"","ocean_disable_margins":"enable","ocean_add_body_class":"","ocean_shortcode_before_top_bar":"","ocean_shortcode_after_top_bar":"","ocean_shortcode_before_header":"","ocean_shortcode_after_header":"","ocean_has_shortcode":"","ocean_shortcode_after_title":"","ocean_shortcode_before_footer_widgets":"","ocean_shortcode_after_footer_widgets":"","ocean_shortcode_before_footer_bottom":"","ocean_shortcode_after_footer_bottom":"","ocean_display_top_bar":"default","ocean_display_header":"default","ocean_header_style":"","ocean_center_header_left_menu":"","ocean_custom_header_template":"","ocean_custom_logo":0,"ocean_custom_retina_logo":0,"ocean_custom_logo_max_width":0,"ocean_custom_logo_tablet_max_width":0,"ocean_custom_logo_mobile_max_width":0,"ocean_custom_logo_max_height":0,"ocean_custom_logo_tablet_max_height":0,"ocean_custom_logo_mobile_max_height":0,"ocean_header_custom_menu":"","ocean_menu_typo_font_family":"","ocean_menu_typo_font_subset":"","ocean_menu_typo_font_size":0,"ocean_menu_typo_font_size_tablet":0,"ocean_menu_typo_font_size_mobile":0,"ocean_menu_typo_font_size_unit":"px","ocean_menu_typo_font_weight":"","ocean_menu_typo_font_weight_tablet":"","ocean_menu_typo_font_weight_mobile":"","ocean_menu_typo_transform":"","ocean_menu_typo_transform_tablet":"","ocean_menu_typo_transform_mobile":"","ocean_menu_typo_line_height":0,"ocean_menu_typo_line_height_tablet":0,"ocean_menu_typo_line_height_mobile":0,"ocean_menu_typo_line_height_unit":"","ocean_menu_typo_spacing":0,"ocean_menu_typo_spacing_tablet":0,"ocean_menu_typo_spacing_mobile":0,"ocean_menu_typo_spacing_unit":"","ocean_menu_link_color":"","ocean_menu_link_color_hover":"","ocean_menu_link_color_active":"","ocean_menu_link_background":"","ocean_menu_link_hover_background":"","ocean_menu_link_active_background":"","ocean_menu_social_links_bg":"","ocean_menu_social_hover_links_bg":"","ocean_menu_social_links_color":"","ocean_menu_social_hover_links_color":"","ocean_disable_title":"default","ocean_disable_heading":"default","ocean_post_title":"","ocean_post_subheading":"","ocean_post_title_style":"","ocean_post_title_background_color":"","ocean_post_title_background":0,"ocean_post_title_bg_image_position":"","ocean_post_title_bg_image_attachment":"","ocean_post_title_bg_image_repeat":"","ocean_post_title_bg_image_size":"","ocean_post_title_height":0,"ocean_post_title_bg_overlay":0.5,"ocean_post_title_bg_overlay_color":"","ocean_disable_breadcrumbs":"default","ocean_breadcrumbs_color":"","ocean_breadcrumbs_separator_color":"","ocean_breadcrumbs_links_color":"","ocean_breadcrumbs_links_hover_color":"","ocean_display_footer_widgets":"default","ocean_display_footer_bottom":"default","ocean_custom_footer_template":""},"product_brand":[],"product_cat":[379,373],"product_tag":[],"class_list":{"0":"post-198998","1":"product","2":"type-product","3":"status-publish","4":"has-post-thumbnail","6":"product_cat-pinze-martelli","7":"product_cat-utensileria","9":"entry","10":"has-media","12":"first","13":"instock","14":"taxable","15":"shipping-taxable","16":"product-type-simple","17":"has-product-nav","18":"col","19":"span_1_of_4","20":"owp-content-center","21":"item-entry","22":"owp-thumbs-layout-horizontal","23":"owp-btn-normal","24":"owp-tabs-layout-horizontal","25":"has-no-thumbnails"},"_links":{"self":[{"href":"https:\/\/ferramentaidraulicasavi.it\/index.php?rest_route=\/wp\/v2\/product\/198998","targetHints":{"allow":["GET"]}}],"collection":[{"href":"https:\/\/ferramentaidraulicasavi.it\/index.php?rest_route=\/wp\/v2\/product"}],"about":[{"href":"https:\/\/ferramentaidraulicasavi.it\/index.php?rest_route=\/wp\/v2\/types\/product"}],"version-history":[{"count":0,"href":"https:\/\/ferramentaidraulicasavi.it\/index.php?rest_route=\/wp\/v2\/product\/198998\/revisions"}],"wp:featuredmedia":[{"embeddable":true,"href":"https:\/\/ferramentaidraulicasavi.it\/index.php?rest_route=\/wp\/v2\/media\/240158"}],"wp:attachment":[{"href":"https:\/\/ferramentaidraulicasavi.it\/index.php?rest_route=%2Fwp%2Fv2%2Fmedia&parent=198998"}],"wp:term":[{"taxonomy":"product_brand","embeddable":true,"href":"https:\/\/ferramentaidraulicasavi.it\/index.php?rest_route=%2Fwp%2Fv2%2Fproduct_brand&post=198998"},{"taxonomy":"product_cat","embeddable":true,"href":"https:\/\/ferramentaidraulicasavi.it\/index.php?rest_route=%2Fwp%2Fv2%2Fproduct_cat&post=198998"},{"taxonomy":"product_tag","embeddable":true,"href":"https:\/\/ferramentaidraulicasavi.it\/index.php?rest_route=%2Fwp%2Fv2%2Fproduct_tag&post=198998"}],"curies":[{"name":"wp","href":"https:\/\/api.w.org\/{rel}","templated":true}]}}