{"id":193310,"date":"2023-09-26T13:36:29","date_gmt":"2023-09-26T11:36:29","guid":{"rendered":"https:\/\/ferramentaidraulicasavi.it\/prodotto\/galleggiante-cassette-incasso-3-8-fluidmaster\/"},"modified":"2026-04-15T11:19:25","modified_gmt":"2026-04-15T09:19:25","slug":"galleggiante-cassette-incasso-3-8-fluidmaster","status":"publish","type":"product","link":"https:\/\/ferramentaidraulicasavi.it\/?product=galleggiante-cassette-incasso-3-8-fluidmaster","title":{"rendered":"GALLEGGIANTE CASSETTE INCASSO 3\/8 FLUIDMASTER"},"content":{"rendered":"<p>GALLEGGIANTE 747 3\/8 ATTACCO LATERALE 747E<\/p>\n<p>Galleggiante universale per cassetta WC.<\/p>\n<p>Galleggiante fluidmaster con attacco laterale 3\/8&#8243; Maschio<\/p>\n<p>-Funzionamento silenzioso<br \/>\n-Chiusura istantanea del flusso a livello desiderato con la pressione dell&#8217;acqua in entrata<br \/>\n-Regolazione del livello in cassetta semplice, precisa e invariabile con la pressione<br \/>\n-Materiali resistenti alla corrosione<br \/>\n-Forma compatta e dimensioni contenute<br \/>\n-Installazione semplice e rapida<br \/>\n-Regolazione telescopica dell&#8217;altezza<\/p>\n<p>Galleggiante Universale per Cassetta WC:<br \/>\nIl galleggiante \u00e8 un elemento fondamentale del sistema di scarico del bagno. Viene chiamato anche valvola di riempimento o rubinetto perch\u00e9 permette il riempimento e controlla il livello dell&#8217;acqua nella cassetta assicurandosi che sia presente la giusta quantit\u00e0 per il corretto funzionamento dello scarico del WC.<\/p>\n<p>Galleggiante WC Universale: come scegliere<br \/>\nSe la parola stessa \u201cuniversale\u201d sta gi\u00e0 a definire che il galleggiante deve avere come caratteristica primaria  quella di essere adattabile a pi\u00f9 marche e modelli di cassetta, ci sono anche altri aspetti che riteniamo importanti da considerare in fase di acquisto.<\/p>\n<p>Vediamoli insieme:<\/p>\n<p>1.       Compatibilit\u00e0 con la tua Cassetta WC: Prima di tutto, devi assicurati che il galleggiante sia compatibile con la tua cassetta WC. Per farlo, devi fare attenzione alle misure, al design e al tipo di attacco per accertarti che siano caratteristiche adattabili a garantire il corretto funzionamento del tuo sistema di risciacquo.<\/p>\n<p>2.       Regolazione del Livello dell&#8217;Acqua: Uno dei tratti distintivi di un buon galleggiante, non solo quello universale, \u00e8 la sua capacit\u00e0 di regolare diversi livelli dell&#8217;acqua nella cassetta. Questa funzione non solo consente un utilizzo pi\u00f9 efficiente dello scarico, aspetto molto importante per il risparmio idrico del pianeta ma che permette anche di risparmiare sul consumo dell\u2019acqua che incide sul bilancio familiare. Cos\u00ec si ha una doppia vittoria.<\/p>\n<p>3.       Materiali di Qualit\u00e0: I galleggianti universali di alta qualit\u00e0 devono essere realizzati con materiali resistenti e durevoli. Solo in questo modo si riduce la necessit\u00e0 di sostituzioni frequenti per malfunzionamenti. Ricordiamoci che sono letteralmente il cuore di un sistema di scarico, a contatto costante con acqua e calcare. (pi\u00f9 avanti analizzeremo i vantaggi del sistema auto-pulente Fluidmaster).<\/p>\n<p>4.       Facilit\u00e0 di Installazione: I galleggianti universali devono anche essere progettati per essere installati con facilit\u00e0 su diverse tipologie di cassette. Proprio per questo la semplicit\u00e0 di installazione \u00e8 un altro elemento chiave.<\/p>\n<p>Ultima caratterista, ma non per importanza, \u00e8 la silenziosit\u00e0. Nessuno vuole sentire un rumore forte e fastidioso di ricarica del sistema di scarico, con la sensazione di trovarsi le cascate nel proprio bagno. Un galleggiante wc silenzioso e discreto che faccia il suo lavoro mantenendo alte le prestazioni nel tempo \u00e8 il top della sua categoria.<\/p>\n","protected":false},"excerpt":{"rendered":"<p>GALLEGGIANTE 747 3\/8 ATTACCO LATERALE 747E Galleggiante universale per cassetta WC. Galleggiante fluidmaster con attacco laterale 3\/8&#8243; Maschio -Funzionamento silenzioso -Chiusura istantanea del flusso a livello desiderato con la pressione dell&#8217;acqua in entrata -Regolazione del livello in cassetta semplice, precisa e invariabile con la pressione -Materiali resistenti alla corrosione -Forma compatta e dimensioni contenute -Installazione [&hellip;]<\/p>\n","protected":false},"featured_media":239335,"template":"","meta":{"ocean_post_layout":"","ocean_both_sidebars_style":"","ocean_both_sidebars_content_width":0,"ocean_both_sidebars_sidebars_width":0,"ocean_sidebar":"","ocean_second_sidebar":"","ocean_disable_margins":"enable","ocean_add_body_class":"","ocean_shortcode_before_top_bar":"","ocean_shortcode_after_top_bar":"","ocean_shortcode_before_header":"","ocean_shortcode_after_header":"","ocean_has_shortcode":"","ocean_shortcode_after_title":"","ocean_shortcode_before_footer_widgets":"","ocean_shortcode_after_footer_widgets":"","ocean_shortcode_before_footer_bottom":"","ocean_shortcode_after_footer_bottom":"","ocean_display_top_bar":"default","ocean_display_header":"default","ocean_header_style":"","ocean_center_header_left_menu":"","ocean_custom_header_template":"","ocean_custom_logo":0,"ocean_custom_retina_logo":0,"ocean_custom_logo_max_width":0,"ocean_custom_logo_tablet_max_width":0,"ocean_custom_logo_mobile_max_width":0,"ocean_custom_logo_max_height":0,"ocean_custom_logo_tablet_max_height":0,"ocean_custom_logo_mobile_max_height":0,"ocean_header_custom_menu":"","ocean_menu_typo_font_family":"","ocean_menu_typo_font_subset":"","ocean_menu_typo_font_size":0,"ocean_menu_typo_font_size_tablet":0,"ocean_menu_typo_font_size_mobile":0,"ocean_menu_typo_font_size_unit":"px","ocean_menu_typo_font_weight":"","ocean_menu_typo_font_weight_tablet":"","ocean_menu_typo_font_weight_mobile":"","ocean_menu_typo_transform":"","ocean_menu_typo_transform_tablet":"","ocean_menu_typo_transform_mobile":"","ocean_menu_typo_line_height":0,"ocean_menu_typo_line_height_tablet":0,"ocean_menu_typo_line_height_mobile":0,"ocean_menu_typo_line_height_unit":"","ocean_menu_typo_spacing":0,"ocean_menu_typo_spacing_tablet":0,"ocean_menu_typo_spacing_mobile":0,"ocean_menu_typo_spacing_unit":"","ocean_menu_link_color":"","ocean_menu_link_color_hover":"","ocean_menu_link_color_active":"","ocean_menu_link_background":"","ocean_menu_link_hover_background":"","ocean_menu_link_active_background":"","ocean_menu_social_links_bg":"","ocean_menu_social_hover_links_bg":"","ocean_menu_social_links_color":"","ocean_menu_social_hover_links_color":"","ocean_disable_title":"default","ocean_disable_heading":"default","ocean_post_title":"","ocean_post_subheading":"","ocean_post_title_style":"","ocean_post_title_background_color":"","ocean_post_title_background":0,"ocean_post_title_bg_image_position":"","ocean_post_title_bg_image_attachment":"","ocean_post_title_bg_image_repeat":"","ocean_post_title_bg_image_size":"","ocean_post_title_height":0,"ocean_post_title_bg_overlay":0.5,"ocean_post_title_bg_overlay_color":"","ocean_disable_breadcrumbs":"default","ocean_breadcrumbs_color":"","ocean_breadcrumbs_separator_color":"","ocean_breadcrumbs_links_color":"","ocean_breadcrumbs_links_hover_color":"","ocean_display_footer_widgets":"default","ocean_display_footer_bottom":"default","ocean_custom_footer_template":""},"product_brand":[],"product_cat":[342,361],"product_tag":[],"class_list":{"0":"post-193310","1":"product","2":"type-product","3":"status-publish","4":"has-post-thumbnail","6":"product_cat-idraulica","7":"product_cat-raccorderia","9":"entry","10":"has-media","12":"first","13":"outofstock","14":"taxable","15":"shipping-taxable","16":"purchasable","17":"product-type-simple","18":"has-product-nav","19":"col","20":"span_1_of_4","21":"owp-content-center","22":"item-entry","23":"owp-thumbs-layout-horizontal","24":"owp-btn-normal","25":"owp-tabs-layout-horizontal","26":"has-no-thumbnails"},"_links":{"self":[{"href":"https:\/\/ferramentaidraulicasavi.it\/index.php?rest_route=\/wp\/v2\/product\/193310","targetHints":{"allow":["GET"]}}],"collection":[{"href":"https:\/\/ferramentaidraulicasavi.it\/index.php?rest_route=\/wp\/v2\/product"}],"about":[{"href":"https:\/\/ferramentaidraulicasavi.it\/index.php?rest_route=\/wp\/v2\/types\/product"}],"version-history":[{"count":0,"href":"https:\/\/ferramentaidraulicasavi.it\/index.php?rest_route=\/wp\/v2\/product\/193310\/revisions"}],"wp:featuredmedia":[{"embeddable":true,"href":"https:\/\/ferramentaidraulicasavi.it\/index.php?rest_route=\/wp\/v2\/media\/239335"}],"wp:attachment":[{"href":"https:\/\/ferramentaidraulicasavi.it\/index.php?rest_route=%2Fwp%2Fv2%2Fmedia&parent=193310"}],"wp:term":[{"taxonomy":"product_brand","embeddable":true,"href":"https:\/\/ferramentaidraulicasavi.it\/index.php?rest_route=%2Fwp%2Fv2%2Fproduct_brand&post=193310"},{"taxonomy":"product_cat","embeddable":true,"href":"https:\/\/ferramentaidraulicasavi.it\/index.php?rest_route=%2Fwp%2Fv2%2Fproduct_cat&post=193310"},{"taxonomy":"product_tag","embeddable":true,"href":"https:\/\/ferramentaidraulicasavi.it\/index.php?rest_route=%2Fwp%2Fv2%2Fproduct_tag&post=193310"}],"curies":[{"name":"wp","href":"https:\/\/api.w.org\/{rel}","templated":true}]}}