{"id":192860,"date":"2023-09-26T13:34:27","date_gmt":"2023-09-26T11:34:27","guid":{"rendered":"https:\/\/ferramentaidraulicasavi.it\/prodotto\/faro-led-solare-40w-410lm-6500k-ip67-pannello-solare-aigostar\/"},"modified":"2025-03-17T12:44:37","modified_gmt":"2025-03-17T11:44:37","slug":"faro-led-solare-40w-410lm-6500k-ip67-pannello-solare-aigostar","status":"publish","type":"product","link":"https:\/\/ferramentaidraulicasavi.it\/?product=faro-led-solare-40w-410lm-6500k-ip67-pannello-solare-aigostar","title":{"rendered":"FARO LED SOLARE 40W 410LM 6500K IP67 + PANNELLO SOLARE AIGOSTAR"},"content":{"rendered":"<p>FARO LED CON PANNELLO SOLARE MOD1<br \/>\n40W &#8211; 410 LUMEN &#8211; 6500K LUCE FREDDA &#8211; IP67 &#8211; MISURA L230*H190*W52mm &#8211; POLICRISTALLINO &#8211; BATTERIA 12 ORE &#8211; CON TELECOMANDO! AIGOSTAR<\/p>\n<p>Il faro proiettore \u00e8 dotato di sensore crepuscolare: si spegne in presenza di luce e si accende in assenza di luce. E&#8217; possibile inoltre regolare l&#8217;intensit\u00e0 della luce attraverso un comodo telecomando Wireless a distanza anche di 8-12 metri.<\/p>\n<p>Senza fili:<br \/>\nSenza la necessit\u00e0 di collegare il dispositivo alla corrente, ne guadagni in praticit\u00e0 e versatilit\u00e0 di utilizzo.<\/p>\n<p>Tecnologia verde a risparmio energetico:<br \/>\nIl pannello fotovoltaico si ricarica in automatico durante il giorno, per accendersi poi al buio. Grazie alla tecnologia ad alto rendimento, tu risparmi e l&#8217;ambiente ringrazia! (Nota: il pannello fotovoltaico non viene venduto separatamente)<\/p>\n<p>Ottima durata:<br \/>\nLa capacit\u00e0 delle batterie garantisce una durata fino a 12 ore.<\/p>\n<p>Grado di protezione IP67:<br \/>\nMateriale completamente impermeabile, giunzioni impermeabili e resistenti all&#8217;ossidazione: ideale per uso all&#8217;esterno con qualsiasi condizione atmosferica.<\/p>\n<p>Controllo da remoto, timer, luminosit\u00e0 regolabile:<br \/>\nDue impostazioni di luminosit\u00e0 e pratico timer a 3\/5\/8 ore.<\/p>\n<p>Certificazioni:<br \/>\n-CE. RoHS<\/p>\n<p>Caratteristiche:<br \/>\n-Tipologia batteria:32650<br \/>\n-Colore:Nero<br \/>\n-Colore della luce:Luce fredda<br \/>\n-Descrizione:Flood light e pannello solare imballati separatamente<\/p>\n<p>Dimensioni:<br \/>\n-Tipologia:Flood light solare<br \/>\n-Dimensioni pannello solare:L350*W290*H17mm<br \/>\n-Tipologia pannello solare:Policristallino<br \/>\n-Dimensioni:L230*H190*W52mm<br \/>\n-Cavo:2&#215;0.3mm\u00b2<br \/>\n-Lunghezza cavo:500mm<\/p>\n<p>Parametri tecnici:<br \/>\n-Distanza massima:4-6m<br \/>\n-Durata della batteria:2 anni<br \/>\n-Grado di resistenza:IK03<br \/>\n-Potenza pannello solare:12W<br \/>\n-Voltaggio pannello solare:6V<br \/>\n-Potenza:40W<br \/>\n-Voltaggio:3.2V<br \/>\n-Intensit\u00e0 corrente:1300mACCT:6500K<br \/>\n-Flusso luminoso:410lm<br \/>\n-CRI:=70Ra<br \/>\n-Angolo di illuminazione:120\u00b0<\/p>\n<p>Caratteristiche di utilizzo:<br \/>\n-Grado di protezione:IP67<br \/>\n-Ambiente:Esterno<br \/>\n-Temperatura:-20?~40?<\/p>\n<p>Capacit\u00e0 batteria:<br \/>\n-3.2V 10Ah<\/p>\n<p>Durata del prodotto:<br \/>\n-Durata:Max 12h<br \/>\n-Durata:2 anni<\/p>\n<p>Materiali principali:<br \/>\n-Vetro e alluminio<br \/>\n-Imballaggio<\/p>\n<p>ISTRUZIONI<\/p>\n<p>Se desideri tenere accesa la luce per tutta la notte , premi il tasto AUTO . La luce lampeggia due volte per confermare di aver ricevuto il segnale. In questa modalit\u00e0 la luce si accende quando fa buio, poi la luminosit\u00e0 diminuisce fino a che la luce si spegne dopo il sorgere del sole.<\/p>\n<p>Se desideri che la luce rimanga accesa per un determinato periodo di tempo, premi prima il tasto ON e poi un tasto a scelta tra 3h, 5h e 8h.<\/p>\n<p>Quando premi il tasto 3H la luce lampeggia due volte per confermare di aver ricevuto il segnale. In questa modalit\u00e0 la luce si accende quando fa buio, poi la luminosit\u00e0 diminuisce fino a che la luce si spegne automaticamente dopo 3 ore.<\/p>\n<p>Quando premi il tasto 5H la luce lampeggia due volte per confermare di aver ricevuto il segnale. In questa modalit\u00e0 la luce si accende quando fa buio, poi la luminosit\u00e0 diminuisce fino a che la luce si spegne automaticamente dopo 5 ore.<\/p>\n<p>Quando premi il tasto 8H la luce lampeggia due volte per confermare di aver ricevuto il segnale. In questa modalit\u00e0 la luce si accende quando fa buio, poi la luminosit\u00e0 diminuisce fino a che la luce si spegne automaticamente dopo 8 ore.<\/p>\n<p>Alla fine della selezione premi il tasto OFF per spegnere la luce.<\/p>\n<p>Se desideri che la luce mantenga la stessa intensit\u00e0, premi il tasto luminosit\u00e0 piena \/ luminosit\u00e0 parziale quando la luce \u00e8 accesa.<\/p>\n<p>Quando premi il tasto luminosit\u00e0 piena , la luce funzioner\u00e0 al 100% della luminosit\u00e0 per tutto il periodo di tempo stabilito.<\/p>\n<p>Quando premi il tasto luminosit\u00e0 parziale , la luce funzioner\u00e0 al 50% della luminosit\u00e0 per tutto il periodo di tempo stabilito.<\/p>\n<p>Una volta tornata la luce del sole il dispositivo ritorna all\u2019impostazione di diminuzione graduale della luminosit\u00e0.<\/p>\n","protected":false},"excerpt":{"rendered":"<p>FARO LED CON PANNELLO SOLARE MOD1 40W &#8211; 410 LUMEN &#8211; 6500K LUCE FREDDA &#8211; IP67 &#8211; MISURA L230*H190*W52mm &#8211; POLICRISTALLINO &#8211; BATTERIA 12 ORE &#8211; CON TELECOMANDO! AIGOSTAR Il faro proiettore \u00e8 dotato di sensore crepuscolare: si spegne in presenza di luce e si accende in assenza di luce. E&#8217; possibile inoltre regolare l&#8217;intensit\u00e0 [&hellip;]<\/p>\n","protected":false},"featured_media":238872,"template":"","meta":{"ocean_post_layout":"","ocean_both_sidebars_style":"","ocean_both_sidebars_content_width":0,"ocean_both_sidebars_sidebars_width":0,"ocean_sidebar":"","ocean_second_sidebar":"","ocean_disable_margins":"enable","ocean_add_body_class":"","ocean_shortcode_before_top_bar":"","ocean_shortcode_after_top_bar":"","ocean_shortcode_before_header":"","ocean_shortcode_after_header":"","ocean_has_shortcode":"","ocean_shortcode_after_title":"","ocean_shortcode_before_footer_widgets":"","ocean_shortcode_after_footer_widgets":"","ocean_shortcode_before_footer_bottom":"","ocean_shortcode_after_footer_bottom":"","ocean_display_top_bar":"default","ocean_display_header":"default","ocean_header_style":"","ocean_center_header_left_menu":"","ocean_custom_header_template":"","ocean_custom_logo":0,"ocean_custom_retina_logo":0,"ocean_custom_logo_max_width":0,"ocean_custom_logo_tablet_max_width":0,"ocean_custom_logo_mobile_max_width":0,"ocean_custom_logo_max_height":0,"ocean_custom_logo_tablet_max_height":0,"ocean_custom_logo_mobile_max_height":0,"ocean_header_custom_menu":"","ocean_menu_typo_font_family":"","ocean_menu_typo_font_subset":"","ocean_menu_typo_font_size":0,"ocean_menu_typo_font_size_tablet":0,"ocean_menu_typo_font_size_mobile":0,"ocean_menu_typo_font_size_unit":"px","ocean_menu_typo_font_weight":"","ocean_menu_typo_font_weight_tablet":"","ocean_menu_typo_font_weight_mobile":"","ocean_menu_typo_transform":"","ocean_menu_typo_transform_tablet":"","ocean_menu_typo_transform_mobile":"","ocean_menu_typo_line_height":0,"ocean_menu_typo_line_height_tablet":0,"ocean_menu_typo_line_height_mobile":0,"ocean_menu_typo_line_height_unit":"","ocean_menu_typo_spacing":0,"ocean_menu_typo_spacing_tablet":0,"ocean_menu_typo_spacing_mobile":0,"ocean_menu_typo_spacing_unit":"","ocean_menu_link_color":"","ocean_menu_link_color_hover":"","ocean_menu_link_color_active":"","ocean_menu_link_background":"","ocean_menu_link_hover_background":"","ocean_menu_link_active_background":"","ocean_menu_social_links_bg":"","ocean_menu_social_hover_links_bg":"","ocean_menu_social_links_color":"","ocean_menu_social_hover_links_color":"","ocean_disable_title":"default","ocean_disable_heading":"default","ocean_post_title":"","ocean_post_subheading":"","ocean_post_title_style":"","ocean_post_title_background_color":"","ocean_post_title_background":0,"ocean_post_title_bg_image_position":"","ocean_post_title_bg_image_attachment":"","ocean_post_title_bg_image_repeat":"","ocean_post_title_bg_image_size":"","ocean_post_title_height":0,"ocean_post_title_bg_overlay":0.5,"ocean_post_title_bg_overlay_color":"","ocean_disable_breadcrumbs":"default","ocean_breadcrumbs_color":"","ocean_breadcrumbs_separator_color":"","ocean_breadcrumbs_links_color":"","ocean_breadcrumbs_links_hover_color":"","ocean_display_footer_widgets":"default","ocean_display_footer_bottom":"default","ocean_custom_footer_template":""},"product_brand":[],"product_cat":[294,308],"product_tag":[],"class_list":{"0":"post-192860","1":"product","2":"type-product","3":"status-publish","4":"has-post-thumbnail","6":"product_cat-elettricita","7":"product_cat-fari-proiettori-torce","9":"entry","10":"has-media","12":"first","13":"instock","14":"taxable","15":"shipping-taxable","16":"purchasable","17":"product-type-simple","18":"has-product-nav","19":"col","20":"span_1_of_4","21":"owp-content-center","22":"item-entry","23":"owp-thumbs-layout-horizontal","24":"owp-btn-normal","25":"owp-tabs-layout-horizontal","26":"has-no-thumbnails"},"_links":{"self":[{"href":"https:\/\/ferramentaidraulicasavi.it\/index.php?rest_route=\/wp\/v2\/product\/192860","targetHints":{"allow":["GET"]}}],"collection":[{"href":"https:\/\/ferramentaidraulicasavi.it\/index.php?rest_route=\/wp\/v2\/product"}],"about":[{"href":"https:\/\/ferramentaidraulicasavi.it\/index.php?rest_route=\/wp\/v2\/types\/product"}],"version-history":[{"count":0,"href":"https:\/\/ferramentaidraulicasavi.it\/index.php?rest_route=\/wp\/v2\/product\/192860\/revisions"}],"wp:featuredmedia":[{"embeddable":true,"href":"https:\/\/ferramentaidraulicasavi.it\/index.php?rest_route=\/wp\/v2\/media\/238872"}],"wp:attachment":[{"href":"https:\/\/ferramentaidraulicasavi.it\/index.php?rest_route=%2Fwp%2Fv2%2Fmedia&parent=192860"}],"wp:term":[{"taxonomy":"product_brand","embeddable":true,"href":"https:\/\/ferramentaidraulicasavi.it\/index.php?rest_route=%2Fwp%2Fv2%2Fproduct_brand&post=192860"},{"taxonomy":"product_cat","embeddable":true,"href":"https:\/\/ferramentaidraulicasavi.it\/index.php?rest_route=%2Fwp%2Fv2%2Fproduct_cat&post=192860"},{"taxonomy":"product_tag","embeddable":true,"href":"https:\/\/ferramentaidraulicasavi.it\/index.php?rest_route=%2Fwp%2Fv2%2Fproduct_tag&post=192860"}],"curies":[{"name":"wp","href":"https:\/\/api.w.org\/{rel}","templated":true}]}}