{"id":192859,"date":"2023-09-26T13:34:27","date_gmt":"2023-09-26T11:34:27","guid":{"rendered":"https:\/\/ferramentaidraulicasavi.it\/prodotto\/faro-led-solare-30w-400lm-6500k-ip65-pannello-solare-aigostar\/"},"modified":"2025-03-17T12:44:36","modified_gmt":"2025-03-17T11:44:36","slug":"faro-led-solare-30w-400lm-6500k-ip65-pannello-solare-aigostar","status":"publish","type":"product","link":"https:\/\/ferramentaidraulicasavi.it\/?product=faro-led-solare-30w-400lm-6500k-ip65-pannello-solare-aigostar","title":{"rendered":"FARO LED SOLARE 30W 400LM 6500K IP65 + PANNELLO SOLARE AIGOSTAR"},"content":{"rendered":"<p>FARO LED CON PANNELLO SOLARE MOD2 30W 400 LUMEN 6500K LUCE FREDDA IP65 MISURA L176*W211*H43mm MONOCRISTALLINO &#8211; BATTERIA 12 ORE<\/p>\n<p>Senza fili<br \/>\nFissaggio a muro con viti. Senza la necessit\u00e0 di collegare il dispositivo alla corrente, ne guadagni in praticit\u00e0 e versatilit\u00e0 di utilizzo.<\/p>\n<p>Tecnologia verde a risparmio energetico<br \/>\nIl pannello solare si ricarica in automatico durante il giorno, per accendersi poi al buio. Tu risparmi e l&#8217;ambiente ringrazia!<\/p>\n<p>Ricarica con luce debole<br \/>\nIl pannello fotovoltaico monocristallino ad alta sensibilit\u00e0 si ricarica anche in presenza di luce debole (ad es. con tempo nuvoloso), consentendo l&#8217;utilizzo tutto l&#8217;anno.<\/p>\n<p>Ottima durata<br \/>\nLa batteria integrata al litio-ferro-fosfato, molto pi\u00f9 sicura, garantisce una durata fino a 12 ore.<\/p>\n<p>Controllo modulare carica e scarica<br \/>\n\u00c8 presente un modulo per la protezione da carica e scarica eccessiva che allunga sensibilmente la vita della batteria. Protezione da carica eccessiva: quando la batteria arriva al 97% la ricarica si arresta automaticamente. Protezione da scarica eccessiva: quando la batteria scende sotto il 3% la scarica si arresta automaticamente per facilitare la ricarica successiva.<\/p>\n<p>Grado di resistenza agli urti IK07<br \/>\nLa cover in vetro temperato \u00e8 resistente alla pressione e alle alte temperature, ed \u00e8 a prova di esplosione.<\/p>\n<p>Grado di protezione IP65<br \/>\nMateriale completamente impermeabile, giunzioni impermeabili e resistenti all&#8217;ossidazione: ideale per uso all&#8217;esterno con qualsiasi condizione atmosferica.<\/p>\n<p>Alta luminosit\u00e0, alta luminanza<br \/>\nUtilizziamo chip LED Bridgelux: ottima luminanza e illuminamento, lungo raggio di illuminazione, luce uniforme.<\/p>\n<p>Controllo da remoto, timer, luminosit\u00e0 regolabile<br \/>\nDue impostazioni di luminosit\u00e0, pratico timer a 3\/5\/8 ore, comando da remoto con funzione memoria.<\/p>\n<p>Certificazioni<br \/>\nCE. RoHS<\/p>\n<p>Caratteristiche<br \/>\nTipologia batteria:LiFePO4 32650<br \/>\nColore:Grigio<br \/>\nColore della luce:Luce fredda<\/p>\n<p>Dimensioni<br \/>\nTipologia:Flood light solare<br \/>\nDimensioni pannello solare:L180*W220*H17mm<br \/>\nTipologia pannello solare:Monocristallino<br \/>\nDimensioni:L176*W211*H43mm<br \/>\nCavo:2&#215;0.5mm\u00b2<\/p>\n<p>Parametri tecnici<br \/>\nDistanza massima:3-4m<br \/>\nDurata della batteria:3 anni<br \/>\nGrado di resistenza:IK07<br \/>\nPotenza pannello solare:6W<br \/>\nVoltaggio pannello solare:5V<br \/>\nPotenza:30W<br \/>\nVoltaggio:DC3.2V<br \/>\nIntensit\u00e0 corrente:625mA<br \/>\nCCT:6500K<br \/>\nFlusso luminoso:400lm<br \/>\nCRI:&gt;70Ra<br \/>\nAngolo di illuminazione:90\u00b0<\/p>\n<p>Caratteristiche di utilizzo<br \/>\nGrado di protezione:IP65<br \/>\nAmbiente:Esterno<br \/>\nTemperatura:-10?~50?<\/p>\n<p>Capacit\u00e0 batteria<br \/>\n3.2V,5Ah<br \/>\nDurata del prodotto<br \/>\nDurata:Max 12h<br \/>\nDurata:50000h<\/p>\n","protected":false},"excerpt":{"rendered":"<p>FARO LED CON PANNELLO SOLARE MOD2 30W 400 LUMEN 6500K LUCE FREDDA IP65 MISURA L176*W211*H43mm MONOCRISTALLINO &#8211; BATTERIA 12 ORE Senza fili Fissaggio a muro con viti. Senza la necessit\u00e0 di collegare il dispositivo alla corrente, ne guadagni in praticit\u00e0 e versatilit\u00e0 di utilizzo. Tecnologia verde a risparmio energetico Il pannello solare si ricarica in [&hellip;]<\/p>\n","protected":false},"featured_media":238871,"template":"","meta":{"ocean_post_layout":"","ocean_both_sidebars_style":"","ocean_both_sidebars_content_width":0,"ocean_both_sidebars_sidebars_width":0,"ocean_sidebar":"","ocean_second_sidebar":"","ocean_disable_margins":"enable","ocean_add_body_class":"","ocean_shortcode_before_top_bar":"","ocean_shortcode_after_top_bar":"","ocean_shortcode_before_header":"","ocean_shortcode_after_header":"","ocean_has_shortcode":"","ocean_shortcode_after_title":"","ocean_shortcode_before_footer_widgets":"","ocean_shortcode_after_footer_widgets":"","ocean_shortcode_before_footer_bottom":"","ocean_shortcode_after_footer_bottom":"","ocean_display_top_bar":"default","ocean_display_header":"default","ocean_header_style":"","ocean_center_header_left_menu":"","ocean_custom_header_template":"","ocean_custom_logo":0,"ocean_custom_retina_logo":0,"ocean_custom_logo_max_width":0,"ocean_custom_logo_tablet_max_width":0,"ocean_custom_logo_mobile_max_width":0,"ocean_custom_logo_max_height":0,"ocean_custom_logo_tablet_max_height":0,"ocean_custom_logo_mobile_max_height":0,"ocean_header_custom_menu":"","ocean_menu_typo_font_family":"","ocean_menu_typo_font_subset":"","ocean_menu_typo_font_size":0,"ocean_menu_typo_font_size_tablet":0,"ocean_menu_typo_font_size_mobile":0,"ocean_menu_typo_font_size_unit":"px","ocean_menu_typo_font_weight":"","ocean_menu_typo_font_weight_tablet":"","ocean_menu_typo_font_weight_mobile":"","ocean_menu_typo_transform":"","ocean_menu_typo_transform_tablet":"","ocean_menu_typo_transform_mobile":"","ocean_menu_typo_line_height":0,"ocean_menu_typo_line_height_tablet":0,"ocean_menu_typo_line_height_mobile":0,"ocean_menu_typo_line_height_unit":"","ocean_menu_typo_spacing":0,"ocean_menu_typo_spacing_tablet":0,"ocean_menu_typo_spacing_mobile":0,"ocean_menu_typo_spacing_unit":"","ocean_menu_link_color":"","ocean_menu_link_color_hover":"","ocean_menu_link_color_active":"","ocean_menu_link_background":"","ocean_menu_link_hover_background":"","ocean_menu_link_active_background":"","ocean_menu_social_links_bg":"","ocean_menu_social_hover_links_bg":"","ocean_menu_social_links_color":"","ocean_menu_social_hover_links_color":"","ocean_disable_title":"default","ocean_disable_heading":"default","ocean_post_title":"","ocean_post_subheading":"","ocean_post_title_style":"","ocean_post_title_background_color":"","ocean_post_title_background":0,"ocean_post_title_bg_image_position":"","ocean_post_title_bg_image_attachment":"","ocean_post_title_bg_image_repeat":"","ocean_post_title_bg_image_size":"","ocean_post_title_height":0,"ocean_post_title_bg_overlay":0.5,"ocean_post_title_bg_overlay_color":"","ocean_disable_breadcrumbs":"default","ocean_breadcrumbs_color":"","ocean_breadcrumbs_separator_color":"","ocean_breadcrumbs_links_color":"","ocean_breadcrumbs_links_hover_color":"","ocean_display_footer_widgets":"default","ocean_display_footer_bottom":"default","ocean_custom_footer_template":""},"product_brand":[],"product_cat":[294,308],"product_tag":[],"class_list":{"0":"post-192859","1":"product","2":"type-product","3":"status-publish","4":"has-post-thumbnail","6":"product_cat-elettricita","7":"product_cat-fari-proiettori-torce","9":"entry","10":"has-media","12":"first","13":"instock","14":"taxable","15":"shipping-taxable","16":"purchasable","17":"product-type-simple","18":"has-product-nav","19":"col","20":"span_1_of_4","21":"owp-content-center","22":"item-entry","23":"owp-thumbs-layout-horizontal","24":"owp-btn-normal","25":"owp-tabs-layout-horizontal","26":"has-no-thumbnails"},"_links":{"self":[{"href":"https:\/\/ferramentaidraulicasavi.it\/index.php?rest_route=\/wp\/v2\/product\/192859","targetHints":{"allow":["GET"]}}],"collection":[{"href":"https:\/\/ferramentaidraulicasavi.it\/index.php?rest_route=\/wp\/v2\/product"}],"about":[{"href":"https:\/\/ferramentaidraulicasavi.it\/index.php?rest_route=\/wp\/v2\/types\/product"}],"version-history":[{"count":0,"href":"https:\/\/ferramentaidraulicasavi.it\/index.php?rest_route=\/wp\/v2\/product\/192859\/revisions"}],"wp:featuredmedia":[{"embeddable":true,"href":"https:\/\/ferramentaidraulicasavi.it\/index.php?rest_route=\/wp\/v2\/media\/238871"}],"wp:attachment":[{"href":"https:\/\/ferramentaidraulicasavi.it\/index.php?rest_route=%2Fwp%2Fv2%2Fmedia&parent=192859"}],"wp:term":[{"taxonomy":"product_brand","embeddable":true,"href":"https:\/\/ferramentaidraulicasavi.it\/index.php?rest_route=%2Fwp%2Fv2%2Fproduct_brand&post=192859"},{"taxonomy":"product_cat","embeddable":true,"href":"https:\/\/ferramentaidraulicasavi.it\/index.php?rest_route=%2Fwp%2Fv2%2Fproduct_cat&post=192859"},{"taxonomy":"product_tag","embeddable":true,"href":"https:\/\/ferramentaidraulicasavi.it\/index.php?rest_route=%2Fwp%2Fv2%2Fproduct_tag&post=192859"}],"curies":[{"name":"wp","href":"https:\/\/api.w.org\/{rel}","templated":true}]}}