{"id":191178,"date":"2023-09-26T12:48:45","date_gmt":"2023-09-26T10:48:45","guid":{"rendered":"https:\/\/ferramentaidraulicasavi.it\/prodotto\/colla-tessuti-trasp-tubetto-bostik-gr-50\/"},"modified":"2025-07-31T08:25:20","modified_gmt":"2025-07-31T06:25:20","slug":"colla-tessuti-trasp-tubetto-bostik-gr-50","status":"publish","type":"product","link":"https:\/\/ferramentaidraulicasavi.it\/?product=colla-tessuti-trasp-tubetto-bostik-gr-50","title":{"rendered":"COLLA TESSUTI TRASP. TUBETTO BOSTIK gr 50"},"content":{"rendered":"<p>Bostik Adesivo Per Tessuti Resistente Al Lavaggio A Macchina 50 Gr D2578<\/p>\n<p>bostik adesivo per tessuti<\/p>\n<p>descrizione prodotto<\/p>\n<p>adesivo resistente al 100% al lavaggio a macchina per la riparazione di tutti<\/p>\n<p>i tipi di tessuti e per attaccare le applicazioni.<\/p>\n<p>campi di applicazione<\/p>\n<p>ideale per la riparazione di buchi e fessure in capi di abbigliamento come giacche,<\/p>\n<p>pantaloni, magliette, tende, sdraio, paravento.<\/p>\n<p>ideale anche per orlare jeans e pantaloni in denim e velluto a coste o per<\/p>\n<p>attaccare applicazioni di feltro.<\/p>\n<p>adatto anche per attaccare tessuti su legno, ripiani, truciolato, pannelli flessibili<\/p>\n<p>e rigidi e per orlare tappeti, materassini e stuoie.<\/p>\n<p>incolla ogni tipo di tessuto, come cotone, lino, feltro, juta o fibra di cocco.<\/p>\n<p>propriet\u00e0<\/p>\n<p>\u00b7 resistente a lavaggi, vapore e stiraggio<\/p>\n<p>\u00b7 buona adesione diretta<\/p>\n<p>\u00b7 incollaggio elastico<\/p>\n<p>\u00b7 privo di solventi<\/p>\n<p>preparazione<\/p>\n<p>condizioni di utilizzo: non utilizzare a temperature inferiori a +10\u00b0c.<\/p>\n<p>requisiti delle superfici: i materiali da incollare devono essere ben puliti e asciutti.<\/p>\n<p>applicazioni<\/p>\n<p>modalit\u00e0 di utilizzo:<\/p>\n<p>spalmare su entrambi i pezzi uno strato uniforme e non troppo spesso.<\/p>\n<p>lasciare asciugare per un po&#8217; di tempo, poi unire i pezzi picchiettando bene.<\/p>\n<p>pressare o caricare i materiali incollati \u00e8 superfluo.<\/p>\n<p>alcune sostanze presenti in certi tipi di vernici e di tessuti possono causare<\/p>\n<p>l&#8217;invecchiamento precoce dell&#8217;adesivo, rendendo appiccicoso l&#8217;adesivo.<\/p>\n<p>i materiali incollati devono essere esposti alla luce del sole il meno possibile.<\/p>\n<p>evitare che l&#8217;adesivo si rompa, in particolare nei materiali sottili,<\/p>\n<p>applicando uno strato sottile e uniforme di adesivo.<\/p>\n<p>macchie\/residui: le macchie di colla sono difficili da rimuovere.<\/p>\n<p>rimuovere subito le macchie di adesivo ancora umido pulendole con acqua.<\/p>\n<p>consigli: il tappo non si apre? tenerlo sotto il rubinetto dell&#8217;acqua calda.<\/p>\n<p>tempi di essicamento*<\/p>\n<p>tempo di essiccamento: ca. 24 ore.<\/p>\n<p>*il tempo di essicazione pu\u00f2 variare per il tipo di superficie, per la quantit\u00e0 di prodotto utilizzata, per la temperatura dell&#8217;aria o per l&#8217;umidit\u00e0.<\/p>\n<p>caratteristiche tecniche<\/p>\n<p>resistenza alle temperature: da -20\u00b0c a +90\u00b0c.<\/p>\n<p>resistenza alle sostanze chimiche: resistente ai detersivi.<\/p>\n<p>specifiche tecniche<\/p>\n<p>materiale di base: lattice naturale<\/p>\n<p>colore: bianco<\/p>\n<p>viscosit\u00e0: fluida<\/p>\n<p>residuo secco: ca. 60 %<\/p>\n<p>valori di ph: ca. 10<\/p>\n<p>specifiche speciali:<\/p>\n<p>contiene lattice di gomma naturale.<\/p>\n<p>pu\u00f2 causare reazioni allergiche.<\/p>\n","protected":false},"excerpt":{"rendered":"<p>Bostik Adesivo Per Tessuti Resistente Al Lavaggio A Macchina 50 Gr D2578 bostik adesivo per tessuti descrizione prodotto adesivo resistente al 100% al lavaggio a macchina per la riparazione di tutti i tipi di tessuti e per attaccare le applicazioni. campi di applicazione ideale per la riparazione di buchi e fessure in capi di abbigliamento [&hellip;]<\/p>\n","protected":false},"featured_media":238163,"template":"","meta":{"ocean_post_layout":"","ocean_both_sidebars_style":"","ocean_both_sidebars_content_width":0,"ocean_both_sidebars_sidebars_width":0,"ocean_sidebar":"","ocean_second_sidebar":"","ocean_disable_margins":"enable","ocean_add_body_class":"","ocean_shortcode_before_top_bar":"","ocean_shortcode_after_top_bar":"","ocean_shortcode_before_header":"","ocean_shortcode_after_header":"","ocean_has_shortcode":"","ocean_shortcode_after_title":"","ocean_shortcode_before_footer_widgets":"","ocean_shortcode_after_footer_widgets":"","ocean_shortcode_before_footer_bottom":"","ocean_shortcode_after_footer_bottom":"","ocean_display_top_bar":"default","ocean_display_header":"default","ocean_header_style":"","ocean_center_header_left_menu":"","ocean_custom_header_template":"","ocean_custom_logo":0,"ocean_custom_retina_logo":0,"ocean_custom_logo_max_width":0,"ocean_custom_logo_tablet_max_width":0,"ocean_custom_logo_mobile_max_width":0,"ocean_custom_logo_max_height":0,"ocean_custom_logo_tablet_max_height":0,"ocean_custom_logo_mobile_max_height":0,"ocean_header_custom_menu":"","ocean_menu_typo_font_family":"","ocean_menu_typo_font_subset":"","ocean_menu_typo_font_size":0,"ocean_menu_typo_font_size_tablet":0,"ocean_menu_typo_font_size_mobile":0,"ocean_menu_typo_font_size_unit":"px","ocean_menu_typo_font_weight":"","ocean_menu_typo_font_weight_tablet":"","ocean_menu_typo_font_weight_mobile":"","ocean_menu_typo_transform":"","ocean_menu_typo_transform_tablet":"","ocean_menu_typo_transform_mobile":"","ocean_menu_typo_line_height":0,"ocean_menu_typo_line_height_tablet":0,"ocean_menu_typo_line_height_mobile":0,"ocean_menu_typo_line_height_unit":"","ocean_menu_typo_spacing":0,"ocean_menu_typo_spacing_tablet":0,"ocean_menu_typo_spacing_mobile":0,"ocean_menu_typo_spacing_unit":"","ocean_menu_link_color":"","ocean_menu_link_color_hover":"","ocean_menu_link_color_active":"","ocean_menu_link_background":"","ocean_menu_link_hover_background":"","ocean_menu_link_active_background":"","ocean_menu_social_links_bg":"","ocean_menu_social_hover_links_bg":"","ocean_menu_social_links_color":"","ocean_menu_social_hover_links_color":"","ocean_disable_title":"default","ocean_disable_heading":"default","ocean_post_title":"","ocean_post_subheading":"","ocean_post_title_style":"","ocean_post_title_background_color":"","ocean_post_title_background":0,"ocean_post_title_bg_image_position":"","ocean_post_title_bg_image_attachment":"","ocean_post_title_bg_image_repeat":"","ocean_post_title_bg_image_size":"","ocean_post_title_height":0,"ocean_post_title_bg_overlay":0.5,"ocean_post_title_bg_overlay_color":"","ocean_disable_breadcrumbs":"default","ocean_breadcrumbs_color":"","ocean_breadcrumbs_separator_color":"","ocean_breadcrumbs_links_color":"","ocean_breadcrumbs_links_hover_color":"","ocean_display_footer_widgets":"default","ocean_display_footer_bottom":"default","ocean_custom_footer_template":""},"product_brand":[],"product_cat":[316,311],"product_tag":[],"class_list":{"0":"post-191178","1":"product","2":"type-product","3":"status-publish","4":"has-post-thumbnail","6":"product_cat-colle-siliconi-e-access","7":"product_cat-ferramenta","9":"entry","10":"has-media","12":"first","13":"instock","14":"taxable","15":"shipping-taxable","16":"purchasable","17":"product-type-simple","18":"has-product-nav","19":"col","20":"span_1_of_4","21":"owp-content-center","22":"item-entry","23":"owp-thumbs-layout-horizontal","24":"owp-btn-normal","25":"owp-tabs-layout-horizontal","26":"has-no-thumbnails"},"_links":{"self":[{"href":"https:\/\/ferramentaidraulicasavi.it\/index.php?rest_route=\/wp\/v2\/product\/191178","targetHints":{"allow":["GET"]}}],"collection":[{"href":"https:\/\/ferramentaidraulicasavi.it\/index.php?rest_route=\/wp\/v2\/product"}],"about":[{"href":"https:\/\/ferramentaidraulicasavi.it\/index.php?rest_route=\/wp\/v2\/types\/product"}],"version-history":[{"count":0,"href":"https:\/\/ferramentaidraulicasavi.it\/index.php?rest_route=\/wp\/v2\/product\/191178\/revisions"}],"wp:featuredmedia":[{"embeddable":true,"href":"https:\/\/ferramentaidraulicasavi.it\/index.php?rest_route=\/wp\/v2\/media\/238163"}],"wp:attachment":[{"href":"https:\/\/ferramentaidraulicasavi.it\/index.php?rest_route=%2Fwp%2Fv2%2Fmedia&parent=191178"}],"wp:term":[{"taxonomy":"product_brand","embeddable":true,"href":"https:\/\/ferramentaidraulicasavi.it\/index.php?rest_route=%2Fwp%2Fv2%2Fproduct_brand&post=191178"},{"taxonomy":"product_cat","embeddable":true,"href":"https:\/\/ferramentaidraulicasavi.it\/index.php?rest_route=%2Fwp%2Fv2%2Fproduct_cat&post=191178"},{"taxonomy":"product_tag","embeddable":true,"href":"https:\/\/ferramentaidraulicasavi.it\/index.php?rest_route=%2Fwp%2Fv2%2Fproduct_tag&post=191178"}],"curies":[{"name":"wp","href":"https:\/\/api.w.org\/{rel}","templated":true}]}}