{"id":191008,"date":"2023-09-26T12:47:51","date_gmt":"2023-09-26T10:47:51","guid":{"rendered":"https:\/\/ferramentaidraulicasavi.it\/prodotto\/chiusura-sportelli-cassetti-bambini-pz-8\/"},"modified":"2025-03-17T12:23:07","modified_gmt":"2025-03-17T11:23:07","slug":"chiusura-sportelli-cassetti-bambini-pz-8","status":"publish","type":"product","link":"https:\/\/ferramentaidraulicasavi.it\/?product=chiusura-sportelli-cassetti-bambini-pz-8","title":{"rendered":"CHIUSURA SPORTELLI CASSETTI BAMBINI (PZ.8)"},"content":{"rendered":"<p>[8 Pezzi] Bambino Chiusure di Sicurezza Armadio, LifenC Serrature di Sicurezza per Bambini, Bianco, Facilissimi da Applicare, Non Necessitano Attrezzi<\/p>\n<p>PROTEGGI I TUOI BAMBINI: chiusure di sicurezza regolabili per evitare che i bambini abbiano le dita intrappolate e che creino disastri. Utilizzabile su tutti i tipi di superficie, mobili e gadget, elettrodomestici o su una porta, sull\u2019armadietto, sul cestino, sul gabinetto, sulla credenza, sull\u2019armadio, sulla cassettiera, sul microonde, sul mobile bar, sul frigo, sul freezer, sulla lavastoviglie, sulla lavatrice, sull\u2019asciugatrice e sulle finestre.<br \/>\nFACILE DA UTILIZZARE &amp; FAI DA TE IN POCHI SECONDI \u2013 Le Chiusure per Armadi LifenC Non necessitano di Forature e Strumenti poich\u00e9 la tecnologia 3M ti d\u00e0 pi\u00f9 sicurezza e assicura che il tuo bambino esplori SENZA STRESS. Un&#8217;eventuale rimozione da superfici piatte o angoli non danneggia il materiale.<br \/>\nQUALIT\u00c0 PREMIUM &amp; RESISTENZA: Le chiusure di sicurezza per bambini hanno la pi\u00f9 lunga lunghezza regolabile sul mercato e sono prodotte in plastica di alta qualit\u00e0 non tossica. I laccetti flessibili possono essere regolati a differenze lunghezze e possono essere utilizzati sia su superfici piatte sia su angoli senza rompersi. Non hanno nessun piccolo pezzo che possa provocare rischio da soffocamento.<br \/>\nPI\u00d9 TEMPO PER GENITORI &amp; FAMIGLIE! TRANQUILLIT\u00c0 \u2013 Sapere che c\u2019\u00e8 una barriera di chiusura elegante bianca e opaca tra il tuo bambino e i pericoli della casa mette al sicuro il tuo caro mentre sbrighi altre faccende o guardi gli altri tuoi bambini.<\/p>\n","protected":false},"excerpt":{"rendered":"<p>[8 Pezzi] Bambino Chiusure di Sicurezza Armadio, LifenC Serrature di Sicurezza per Bambini, Bianco, Facilissimi da Applicare, Non Necessitano Attrezzi PROTEGGI I TUOI BAMBINI: chiusure di sicurezza regolabili per evitare che i bambini abbiano le dita intrappolate e che creino disastri. Utilizzabile su tutti i tipi di superficie, mobili e gadget, elettrodomestici o su una [&hellip;]<\/p>\n","protected":false},"featured_media":237986,"template":"","meta":{"ocean_post_layout":"","ocean_both_sidebars_style":"","ocean_both_sidebars_content_width":0,"ocean_both_sidebars_sidebars_width":0,"ocean_sidebar":"","ocean_second_sidebar":"","ocean_disable_margins":"enable","ocean_add_body_class":"","ocean_shortcode_before_top_bar":"","ocean_shortcode_after_top_bar":"","ocean_shortcode_before_header":"","ocean_shortcode_after_header":"","ocean_has_shortcode":"","ocean_shortcode_after_title":"","ocean_shortcode_before_footer_widgets":"","ocean_shortcode_after_footer_widgets":"","ocean_shortcode_before_footer_bottom":"","ocean_shortcode_after_footer_bottom":"","ocean_display_top_bar":"default","ocean_display_header":"default","ocean_header_style":"","ocean_center_header_left_menu":"","ocean_custom_header_template":"","ocean_custom_logo":0,"ocean_custom_retina_logo":0,"ocean_custom_logo_max_width":0,"ocean_custom_logo_tablet_max_width":0,"ocean_custom_logo_mobile_max_width":0,"ocean_custom_logo_max_height":0,"ocean_custom_logo_tablet_max_height":0,"ocean_custom_logo_mobile_max_height":0,"ocean_header_custom_menu":"","ocean_menu_typo_font_family":"","ocean_menu_typo_font_subset":"","ocean_menu_typo_font_size":0,"ocean_menu_typo_font_size_tablet":0,"ocean_menu_typo_font_size_mobile":0,"ocean_menu_typo_font_size_unit":"px","ocean_menu_typo_font_weight":"","ocean_menu_typo_font_weight_tablet":"","ocean_menu_typo_font_weight_mobile":"","ocean_menu_typo_transform":"","ocean_menu_typo_transform_tablet":"","ocean_menu_typo_transform_mobile":"","ocean_menu_typo_line_height":0,"ocean_menu_typo_line_height_tablet":0,"ocean_menu_typo_line_height_mobile":0,"ocean_menu_typo_line_height_unit":"","ocean_menu_typo_spacing":0,"ocean_menu_typo_spacing_tablet":0,"ocean_menu_typo_spacing_mobile":0,"ocean_menu_typo_spacing_unit":"","ocean_menu_link_color":"","ocean_menu_link_color_hover":"","ocean_menu_link_color_active":"","ocean_menu_link_background":"","ocean_menu_link_hover_background":"","ocean_menu_link_active_background":"","ocean_menu_social_links_bg":"","ocean_menu_social_hover_links_bg":"","ocean_menu_social_links_color":"","ocean_menu_social_hover_links_color":"","ocean_disable_title":"default","ocean_disable_heading":"default","ocean_post_title":"","ocean_post_subheading":"","ocean_post_title_style":"","ocean_post_title_background_color":"","ocean_post_title_background":0,"ocean_post_title_bg_image_position":"","ocean_post_title_bg_image_attachment":"","ocean_post_title_bg_image_repeat":"","ocean_post_title_bg_image_size":"","ocean_post_title_height":0,"ocean_post_title_bg_overlay":0.5,"ocean_post_title_bg_overlay_color":"","ocean_disable_breadcrumbs":"default","ocean_breadcrumbs_color":"","ocean_breadcrumbs_separator_color":"","ocean_breadcrumbs_links_color":"","ocean_breadcrumbs_links_hover_color":"","ocean_display_footer_widgets":"default","ocean_display_footer_bottom":"default","ocean_custom_footer_template":""},"product_brand":[],"product_cat":[320,311],"product_tag":[],"class_list":{"0":"post-191008","1":"product","2":"type-product","3":"status-publish","4":"has-post-thumbnail","6":"product_cat-catenacci-e-ganci-chiusure-compassi","7":"product_cat-ferramenta","9":"entry","10":"has-media","12":"first","13":"instock","14":"taxable","15":"shipping-taxable","16":"purchasable","17":"product-type-simple","18":"has-product-nav","19":"col","20":"span_1_of_4","21":"owp-content-center","22":"item-entry","23":"owp-thumbs-layout-horizontal","24":"owp-btn-normal","25":"owp-tabs-layout-horizontal","26":"has-no-thumbnails"},"_links":{"self":[{"href":"https:\/\/ferramentaidraulicasavi.it\/index.php?rest_route=\/wp\/v2\/product\/191008","targetHints":{"allow":["GET"]}}],"collection":[{"href":"https:\/\/ferramentaidraulicasavi.it\/index.php?rest_route=\/wp\/v2\/product"}],"about":[{"href":"https:\/\/ferramentaidraulicasavi.it\/index.php?rest_route=\/wp\/v2\/types\/product"}],"version-history":[{"count":0,"href":"https:\/\/ferramentaidraulicasavi.it\/index.php?rest_route=\/wp\/v2\/product\/191008\/revisions"}],"wp:featuredmedia":[{"embeddable":true,"href":"https:\/\/ferramentaidraulicasavi.it\/index.php?rest_route=\/wp\/v2\/media\/237986"}],"wp:attachment":[{"href":"https:\/\/ferramentaidraulicasavi.it\/index.php?rest_route=%2Fwp%2Fv2%2Fmedia&parent=191008"}],"wp:term":[{"taxonomy":"product_brand","embeddable":true,"href":"https:\/\/ferramentaidraulicasavi.it\/index.php?rest_route=%2Fwp%2Fv2%2Fproduct_brand&post=191008"},{"taxonomy":"product_cat","embeddable":true,"href":"https:\/\/ferramentaidraulicasavi.it\/index.php?rest_route=%2Fwp%2Fv2%2Fproduct_cat&post=191008"},{"taxonomy":"product_tag","embeddable":true,"href":"https:\/\/ferramentaidraulicasavi.it\/index.php?rest_route=%2Fwp%2Fv2%2Fproduct_tag&post=191008"}],"curies":[{"name":"wp","href":"https:\/\/api.w.org\/{rel}","templated":true}]}}