{"id":189142,"date":"2023-09-26T12:02:11","date_gmt":"2023-09-26T10:02:11","guid":{"rendered":"https:\/\/ferramentaidraulicasavi.it\/prodotto\/campanello-wireless-kin-plug-in-bravo\/"},"modified":"2025-10-11T08:16:58","modified_gmt":"2025-10-11T06:16:58","slug":"campanello-wireless-kin-plug-in-bravo","status":"publish","type":"product","link":"https:\/\/ferramentaidraulicasavi.it\/?product=campanello-wireless-kin-plug-in-bravo","title":{"rendered":"CAMPANELLO WIRELESS KIN PLUG IN BRAVO"},"content":{"rendered":"<p>CAMPANELLO WIRELESS KIN PLUG IN<\/p>\n<p>-Campanello wireless con alimentazione 220V a spina<br \/>\n-Possibilit\u00e0 di scegliere tra 38 suonerie e tre livelli suoneria<br \/>\n-Portata fino a 100 mt in spazi aperti<br \/>\n-Facile da installare (biadesivo per il fissaggio del pulsante esterno) o da usare come campanello portatile di emergenza.<br \/>\n-NON NECESSITA DI BATTERIE perch\u00e9 \u00e8 alimentato ad energia cinetica<\/p>\n<p>Funzionamento:<br \/>\n-Combinano una tecnologia di raccolta dell\u2019energia ed una tecnologia wireless a bassissimo consumo per produrre un segnale in radiofrequenza.<br \/>\n-Il modulo di conversione interno trasforma l\u2019energia meccanica in energia elettrica<br \/>\n-Il modulo wireless, alimentato da questa energia, invia il segnale alla ricevente<br \/>\n-La ricevente si attiva e il campanello emette il suono di avviso<br \/>\n-Pronto all\u2019uso<\/p>\n<p>Dimensioni :<br \/>\n-unit\u00e0 interna 8,5x6x4,7 cm<br \/>\n-unit\u00e0 esterna 7,9\u00d74,4\u00d73,3cm<\/p>\n<p>-Garanzia 2 anni<\/p>\n","protected":false},"excerpt":{"rendered":"<p>CAMPANELLO WIRELESS KIN PLUG IN -Campanello wireless con alimentazione 220V a spina -Possibilit\u00e0 di scegliere tra 38 suonerie e tre livelli suoneria -Portata fino a 100 mt in spazi aperti -Facile da installare (biadesivo per il fissaggio del pulsante esterno) o da usare come campanello portatile di emergenza. -NON NECESSITA DI BATTERIE perch\u00e9 \u00e8 alimentato [&hellip;]<\/p>\n","protected":false},"featured_media":236316,"template":"","meta":{"ocean_post_layout":"","ocean_both_sidebars_style":"","ocean_both_sidebars_content_width":0,"ocean_both_sidebars_sidebars_width":0,"ocean_sidebar":"","ocean_second_sidebar":"","ocean_disable_margins":"enable","ocean_add_body_class":"","ocean_shortcode_before_top_bar":"","ocean_shortcode_after_top_bar":"","ocean_shortcode_before_header":"","ocean_shortcode_after_header":"","ocean_has_shortcode":"","ocean_shortcode_after_title":"","ocean_shortcode_before_footer_widgets":"","ocean_shortcode_after_footer_widgets":"","ocean_shortcode_before_footer_bottom":"","ocean_shortcode_after_footer_bottom":"","ocean_display_top_bar":"default","ocean_display_header":"default","ocean_header_style":"","ocean_center_header_left_menu":"","ocean_custom_header_template":"","ocean_custom_logo":0,"ocean_custom_retina_logo":0,"ocean_custom_logo_max_width":0,"ocean_custom_logo_tablet_max_width":0,"ocean_custom_logo_mobile_max_width":0,"ocean_custom_logo_max_height":0,"ocean_custom_logo_tablet_max_height":0,"ocean_custom_logo_mobile_max_height":0,"ocean_header_custom_menu":"","ocean_menu_typo_font_family":"","ocean_menu_typo_font_subset":"","ocean_menu_typo_font_size":0,"ocean_menu_typo_font_size_tablet":0,"ocean_menu_typo_font_size_mobile":0,"ocean_menu_typo_font_size_unit":"px","ocean_menu_typo_font_weight":"","ocean_menu_typo_font_weight_tablet":"","ocean_menu_typo_font_weight_mobile":"","ocean_menu_typo_transform":"","ocean_menu_typo_transform_tablet":"","ocean_menu_typo_transform_mobile":"","ocean_menu_typo_line_height":0,"ocean_menu_typo_line_height_tablet":0,"ocean_menu_typo_line_height_mobile":0,"ocean_menu_typo_line_height_unit":"","ocean_menu_typo_spacing":0,"ocean_menu_typo_spacing_tablet":0,"ocean_menu_typo_spacing_mobile":0,"ocean_menu_typo_spacing_unit":"","ocean_menu_link_color":"","ocean_menu_link_color_hover":"","ocean_menu_link_color_active":"","ocean_menu_link_background":"","ocean_menu_link_hover_background":"","ocean_menu_link_active_background":"","ocean_menu_social_links_bg":"","ocean_menu_social_hover_links_bg":"","ocean_menu_social_links_color":"","ocean_menu_social_hover_links_color":"","ocean_disable_title":"default","ocean_disable_heading":"default","ocean_post_title":"","ocean_post_subheading":"","ocean_post_title_style":"","ocean_post_title_background_color":"","ocean_post_title_background":0,"ocean_post_title_bg_image_position":"","ocean_post_title_bg_image_attachment":"","ocean_post_title_bg_image_repeat":"","ocean_post_title_bg_image_size":"","ocean_post_title_height":0,"ocean_post_title_bg_overlay":0.5,"ocean_post_title_bg_overlay_color":"","ocean_disable_breadcrumbs":"default","ocean_breadcrumbs_color":"","ocean_breadcrumbs_separator_color":"","ocean_breadcrumbs_links_color":"","ocean_breadcrumbs_links_hover_color":"","ocean_display_footer_widgets":"default","ocean_display_footer_bottom":"default","ocean_custom_footer_template":""},"product_brand":[],"product_cat":[301,294],"product_tag":[],"class_list":{"0":"post-189142","1":"product","2":"type-product","3":"status-publish","4":"has-post-thumbnail","6":"product_cat-citofoni-suonerie-campanelli-rilevatori","7":"product_cat-elettricita","9":"entry","10":"has-media","12":"first","13":"instock","14":"taxable","15":"shipping-taxable","16":"product-type-simple","17":"has-product-nav","18":"col","19":"span_1_of_4","20":"owp-content-center","21":"item-entry","22":"owp-thumbs-layout-horizontal","23":"owp-btn-normal","24":"owp-tabs-layout-horizontal","25":"has-no-thumbnails"},"_links":{"self":[{"href":"https:\/\/ferramentaidraulicasavi.it\/index.php?rest_route=\/wp\/v2\/product\/189142","targetHints":{"allow":["GET"]}}],"collection":[{"href":"https:\/\/ferramentaidraulicasavi.it\/index.php?rest_route=\/wp\/v2\/product"}],"about":[{"href":"https:\/\/ferramentaidraulicasavi.it\/index.php?rest_route=\/wp\/v2\/types\/product"}],"version-history":[{"count":0,"href":"https:\/\/ferramentaidraulicasavi.it\/index.php?rest_route=\/wp\/v2\/product\/189142\/revisions"}],"wp:featuredmedia":[{"embeddable":true,"href":"https:\/\/ferramentaidraulicasavi.it\/index.php?rest_route=\/wp\/v2\/media\/236316"}],"wp:attachment":[{"href":"https:\/\/ferramentaidraulicasavi.it\/index.php?rest_route=%2Fwp%2Fv2%2Fmedia&parent=189142"}],"wp:term":[{"taxonomy":"product_brand","embeddable":true,"href":"https:\/\/ferramentaidraulicasavi.it\/index.php?rest_route=%2Fwp%2Fv2%2Fproduct_brand&post=189142"},{"taxonomy":"product_cat","embeddable":true,"href":"https:\/\/ferramentaidraulicasavi.it\/index.php?rest_route=%2Fwp%2Fv2%2Fproduct_cat&post=189142"},{"taxonomy":"product_tag","embeddable":true,"href":"https:\/\/ferramentaidraulicasavi.it\/index.php?rest_route=%2Fwp%2Fv2%2Fproduct_tag&post=189142"}],"curies":[{"name":"wp","href":"https:\/\/api.w.org\/{rel}","templated":true}]}}