{"id":188863,"date":"2023-09-26T12:01:05","date_gmt":"2023-09-26T10:01:05","guid":{"rendered":"https:\/\/ferramentaidraulicasavi.it\/prodotto\/benzina-rettificata-benzilux-1-lt\/"},"modified":"2025-03-17T11:59:35","modified_gmt":"2025-03-17T10:59:35","slug":"benzina-rettificata-benzilux-1-lt","status":"publish","type":"product","link":"https:\/\/ferramentaidraulicasavi.it\/?product=benzina-rettificata-benzilux-1-lt","title":{"rendered":"BENZINA RETTIFICATA BENZILUX 1 lt"},"content":{"rendered":"<p>La quantit\u00e0 di litraggio presente nel barattolo \u00e8 di 0,8 lt (confezione formato da 1 lt).<\/p>\n<p>Il BENZILUX \u00e8 uno smacchiatore extra forte costituito principalmente da una miscela di idrocarburi (con basso punto di ebollizione &lt;60\u00b0C), acetato di etile ed esano (&lt;5%).<br \/>\nProprio per la sua particolare composizione il BENZILUX \u00e8 conosciuto anche come benzina rettificata e possiede un elevato potere smacchiante e pulente verso adesivi, mastici, olii, cere e lipidi in genere.<br \/>\nGrazie a questa caratteristiche, il BENZILUX \u00e8 utilizzato per effettuare efficaci interventi di pulitura e lavaggio su parti meccaniche in metallo (es. ingranaggi).<br \/>\nIl BENZILUX inoltre \u00e8 indicato come solvente per la pulizia dei pennelli da colori ad olio, colori a vernice e make-up. Il BENZILUX infatti rimuove perfettamente lo sporco dal pennello lasciandolo immediatamente asciutto e pronto per essere riutilizzato.<\/p>\n<p>UTILIZZO DEL BENZILUX &#8211; smacchiatore extra<br \/>\nIl BENZILUX \u00e8 un miscela di solventi da utilizzare come smacchiatore e pulitore extra forte per diversi supporti che non soffrano per\u00f2 il contatto con la miscela di idrocarburi costituenti il prodotto.<br \/>\nIn particolare il BENZILUX \u00e8 adatto alla pulitura e al lavaggio di parti meccaniche in metallo in genere. A questo scopo il prodotto potr\u00e0 essere applicato a pennello, tampone o immersione.<br \/>\nIl BENZILUX svolge un elevato potere solvente anche nei confronti di molti colori, vernici e make-up, pertanto pu\u00f2 essere utilizzato come solvente per la pulizia dei pennelli tramite immersione nel lavapennelli. Basta infatti lasciare la punta del pennello in immersione nel BENZILUX, per ottenere una profonda pulizia delle setole.<\/p>\n","protected":false},"excerpt":{"rendered":"<p>La quantit\u00e0 di litraggio presente nel barattolo \u00e8 di 0,8 lt (confezione formato da 1 lt). Il BENZILUX \u00e8 uno smacchiatore extra forte costituito principalmente da una miscela di idrocarburi (con basso punto di ebollizione &lt;60\u00b0C), acetato di etile ed esano (&lt;5%). Proprio per la sua particolare composizione il BENZILUX \u00e8 conosciuto anche come benzina [&hellip;]<\/p>\n","protected":false},"featured_media":235610,"template":"","meta":{"ocean_post_layout":"","ocean_both_sidebars_style":"","ocean_both_sidebars_content_width":0,"ocean_both_sidebars_sidebars_width":0,"ocean_sidebar":"","ocean_second_sidebar":"","ocean_disable_margins":"enable","ocean_add_body_class":"","ocean_shortcode_before_top_bar":"","ocean_shortcode_after_top_bar":"","ocean_shortcode_before_header":"","ocean_shortcode_after_header":"","ocean_has_shortcode":"","ocean_shortcode_after_title":"","ocean_shortcode_before_footer_widgets":"","ocean_shortcode_after_footer_widgets":"","ocean_shortcode_before_footer_bottom":"","ocean_shortcode_after_footer_bottom":"","ocean_display_top_bar":"default","ocean_display_header":"default","ocean_header_style":"","ocean_center_header_left_menu":"","ocean_custom_header_template":"","ocean_custom_logo":0,"ocean_custom_retina_logo":0,"ocean_custom_logo_max_width":0,"ocean_custom_logo_tablet_max_width":0,"ocean_custom_logo_mobile_max_width":0,"ocean_custom_logo_max_height":0,"ocean_custom_logo_tablet_max_height":0,"ocean_custom_logo_mobile_max_height":0,"ocean_header_custom_menu":"","ocean_menu_typo_font_family":"","ocean_menu_typo_font_subset":"","ocean_menu_typo_font_size":0,"ocean_menu_typo_font_size_tablet":0,"ocean_menu_typo_font_size_mobile":0,"ocean_menu_typo_font_size_unit":"px","ocean_menu_typo_font_weight":"","ocean_menu_typo_font_weight_tablet":"","ocean_menu_typo_font_weight_mobile":"","ocean_menu_typo_transform":"","ocean_menu_typo_transform_tablet":"","ocean_menu_typo_transform_mobile":"","ocean_menu_typo_line_height":0,"ocean_menu_typo_line_height_tablet":0,"ocean_menu_typo_line_height_mobile":0,"ocean_menu_typo_line_height_unit":"","ocean_menu_typo_spacing":0,"ocean_menu_typo_spacing_tablet":0,"ocean_menu_typo_spacing_mobile":0,"ocean_menu_typo_spacing_unit":"","ocean_menu_link_color":"","ocean_menu_link_color_hover":"","ocean_menu_link_color_active":"","ocean_menu_link_background":"","ocean_menu_link_hover_background":"","ocean_menu_link_active_background":"","ocean_menu_social_links_bg":"","ocean_menu_social_hover_links_bg":"","ocean_menu_social_links_color":"","ocean_menu_social_hover_links_color":"","ocean_disable_title":"default","ocean_disable_heading":"default","ocean_post_title":"","ocean_post_subheading":"","ocean_post_title_style":"","ocean_post_title_background_color":"","ocean_post_title_background":0,"ocean_post_title_bg_image_position":"","ocean_post_title_bg_image_attachment":"","ocean_post_title_bg_image_repeat":"","ocean_post_title_bg_image_size":"","ocean_post_title_height":0,"ocean_post_title_bg_overlay":0.5,"ocean_post_title_bg_overlay_color":"","ocean_disable_breadcrumbs":"default","ocean_breadcrumbs_color":"","ocean_breadcrumbs_separator_color":"","ocean_breadcrumbs_links_color":"","ocean_breadcrumbs_links_hover_color":"","ocean_display_footer_widgets":"default","ocean_display_footer_bottom":"default","ocean_custom_footer_template":""},"product_brand":[],"product_cat":[381,380],"product_tag":[],"class_list":{"0":"post-188863","1":"product","2":"type-product","3":"status-publish","4":"has-post-thumbnail","6":"product_cat-solventi-acidi-detergenti","7":"product_cat-vernici-acidi-detergenti","9":"entry","10":"has-media","12":"first","13":"instock","14":"taxable","15":"shipping-taxable","16":"purchasable","17":"product-type-simple","18":"has-product-nav","19":"col","20":"span_1_of_4","21":"owp-content-center","22":"item-entry","23":"owp-thumbs-layout-horizontal","24":"owp-btn-normal","25":"owp-tabs-layout-horizontal","26":"has-no-thumbnails"},"_links":{"self":[{"href":"https:\/\/ferramentaidraulicasavi.it\/index.php?rest_route=\/wp\/v2\/product\/188863","targetHints":{"allow":["GET"]}}],"collection":[{"href":"https:\/\/ferramentaidraulicasavi.it\/index.php?rest_route=\/wp\/v2\/product"}],"about":[{"href":"https:\/\/ferramentaidraulicasavi.it\/index.php?rest_route=\/wp\/v2\/types\/product"}],"version-history":[{"count":0,"href":"https:\/\/ferramentaidraulicasavi.it\/index.php?rest_route=\/wp\/v2\/product\/188863\/revisions"}],"wp:featuredmedia":[{"embeddable":true,"href":"https:\/\/ferramentaidraulicasavi.it\/index.php?rest_route=\/wp\/v2\/media\/235610"}],"wp:attachment":[{"href":"https:\/\/ferramentaidraulicasavi.it\/index.php?rest_route=%2Fwp%2Fv2%2Fmedia&parent=188863"}],"wp:term":[{"taxonomy":"product_brand","embeddable":true,"href":"https:\/\/ferramentaidraulicasavi.it\/index.php?rest_route=%2Fwp%2Fv2%2Fproduct_brand&post=188863"},{"taxonomy":"product_cat","embeddable":true,"href":"https:\/\/ferramentaidraulicasavi.it\/index.php?rest_route=%2Fwp%2Fv2%2Fproduct_cat&post=188863"},{"taxonomy":"product_tag","embeddable":true,"href":"https:\/\/ferramentaidraulicasavi.it\/index.php?rest_route=%2Fwp%2Fv2%2Fproduct_tag&post=188863"}],"curies":[{"name":"wp","href":"https:\/\/api.w.org\/{rel}","templated":true}]}}